{"id":10,"date":"2023-10-08T14:47:18","date_gmt":"2023-10-08T12:47:18","guid":{"rendered":"https:\/\/apiyaute.fr\/?page_id=10"},"modified":"2026-03-16T18:32:39","modified_gmt":"2026-03-16T17:32:39","slug":"gelee-royale-fraiche-de-montagne","status":"publish","type":"page","link":"https:\/\/apiyaute.fr\/","title":{"rendered":"Gel\u00e9e royale fra\u00eeche et fran\u00e7aise de montagne"},"content":{"rendered":"\n<div class=\"wp-block-media-text is-stacked-on-mobile\" style=\"grid-template-columns:21% auto\"><figure class=\"wp-block-media-text__media\"><img data-recalc-dims=\"1\" loading=\"lazy\" decoding=\"async\" width=\"1024\" height=\"1024\" src=\"https:\/\/i0.wp.com\/apiyaute.fr\/wp-content\/uploads\/2024\/10\/451231752_122182837718035039_3986075066927337463_n.jpg?resize=1024%2C1024\" alt=\"\" class=\"wp-image-887 size-full\" srcset=\"https:\/\/i0.wp.com\/apiyaute.fr\/wp-content\/uploads\/2024\/10\/451231752_122182837718035039_3986075066927337463_n.jpg?resize=1024%2C1024&amp;ssl=1 1024w, https:\/\/i0.wp.com\/apiyaute.fr\/wp-content\/uploads\/2024\/10\/451231752_122182837718035039_3986075066927337463_n.jpg?resize=300%2C300&amp;ssl=1 300w, https:\/\/i0.wp.com\/apiyaute.fr\/wp-content\/uploads\/2024\/10\/451231752_122182837718035039_3986075066927337463_n.jpg?resize=150%2C150&amp;ssl=1 150w, https:\/\/i0.wp.com\/apiyaute.fr\/wp-content\/uploads\/2024\/10\/451231752_122182837718035039_3986075066927337463_n.jpg?resize=768%2C768&amp;ssl=1 768w, https:\/\/i0.wp.com\/apiyaute.fr\/wp-content\/uploads\/2024\/10\/451231752_122182837718035039_3986075066927337463_n.jpg?resize=600%2C600&amp;ssl=1 600w, https:\/\/i0.wp.com\/apiyaute.fr\/wp-content\/uploads\/2024\/10\/451231752_122182837718035039_3986075066927337463_n.jpg?resize=100%2C100&amp;ssl=1 100w, https:\/\/i0.wp.com\/apiyaute.fr\/wp-content\/uploads\/2024\/10\/451231752_122182837718035039_3986075066927337463_n.jpg?w=1080&amp;ssl=1 1080w\" sizes=\"auto, (max-width: 1024px) 100vw, 1024px\" \/><\/figure><div class=\"wp-block-media-text__content\">\n<p><strong>Tous les tr\u00e9sors des abeilles dans un \u00e9crin de montagne !<\/strong> Laissez les bienfaits de la gel\u00e9e royale fra\u00eeche et pure prendre soin de vous !<\/p>\n<\/div><\/div>\n\n\n\n<div class=\"wp-block-media-text has-media-on-the-right is-stacked-on-mobile\" style=\"grid-template-columns:auto 15%\"><div class=\"wp-block-media-text__content\">\n<p class=\"has-text-color has-link-color wp-elements-822faf03c80425ce8d5a6056704fb464\" style=\"color:#10440b\">Montrez \u00e0 vos proches que vous les aimez, offrez leur de prendre soin de leur sant\u00e9 ! Optez pour une gel\u00e9e royale 100% naturelle, fran\u00e7aise et de montagne !<\/p>\n<\/div><figure class=\"wp-block-media-text__media\"><img data-recalc-dims=\"1\" loading=\"lazy\" decoding=\"async\" width=\"745\" height=\"862\" src=\"https:\/\/i0.wp.com\/apiyaute.fr\/wp-content\/uploads\/2025\/05\/20230914_142720.jpg?resize=745%2C862\" alt=\"\" class=\"wp-image-1248 size-full\" srcset=\"https:\/\/i0.wp.com\/apiyaute.fr\/wp-content\/uploads\/2025\/05\/20230914_142720.jpg?w=745&amp;ssl=1 745w, https:\/\/i0.wp.com\/apiyaute.fr\/wp-content\/uploads\/2025\/05\/20230914_142720.jpg?resize=259%2C300&amp;ssl=1 259w, https:\/\/i0.wp.com\/apiyaute.fr\/wp-content\/uploads\/2025\/05\/20230914_142720.jpg?resize=600%2C694&amp;ssl=1 600w\" sizes=\"auto, (max-width: 745px) 100vw, 745px\" \/><\/figure><\/div>\n\n\n\n<div class=\"wp-block-group has-pale-ocean-gradient-background has-background\"><div class=\"wp-block-group__inner-container is-layout-constrained wp-block-group-is-layout-constrained\">\n<p class=\"has-text-align-center has-medium-font-size\">Petite production de grande qualit\u00e9 rime avec quantit\u00e9s limit\u00e9es !<\/p>\n\n\n\n<p class=\"has-text-align-center\"> La gel\u00e9e royale mill\u00e9sime 2025 est arriv\u00e9e \u00e0 sa fin. Merci aux fid\u00e8les et aux nouveaux chaque ann\u00e9e plus nombreux. <\/p>\n\n\n\n<p class=\"has-text-align-center\">Ne ratez pas la gel\u00e9e fra\u00eeche 2026, inscrivez-vous sur la liste de pr\u00e9-commande !&nbsp;(Email ou t\u00e9l\u00e9phone \u00e0 me communiquer).<br>Vous serez prioritairement inform\u00e9 d\u00e8s que la gel\u00e9e sera \u00e0 nouveau disponible&nbsp;<\/p>\n\n\n<div class=\"wp-block-image\">\n<figure class=\"aligncenter is-resized\"><img data-recalc-dims=\"1\" loading=\"lazy\" decoding=\"async\" width=\"1024\" height=\"703\" src=\"https:\/\/i0.wp.com\/apiyaute.fr\/wp-content\/uploads\/2025\/12\/pre-commandes-2026.jpg?resize=1024%2C703\" alt=\"\" class=\"wp-image-1650\" style=\"aspect-ratio:1.4566342428265642;width:648px;height:auto\" srcset=\"https:\/\/i0.wp.com\/apiyaute.fr\/wp-content\/uploads\/2025\/12\/pre-commandes-2026.jpg?resize=1024%2C703&amp;ssl=1 1024w, https:\/\/i0.wp.com\/apiyaute.fr\/wp-content\/uploads\/2025\/12\/pre-commandes-2026.jpg?resize=300%2C206&amp;ssl=1 300w, https:\/\/i0.wp.com\/apiyaute.fr\/wp-content\/uploads\/2025\/12\/pre-commandes-2026.jpg?resize=768%2C527&amp;ssl=1 768w, https:\/\/i0.wp.com\/apiyaute.fr\/wp-content\/uploads\/2025\/12\/pre-commandes-2026.jpg?resize=1536%2C1054&amp;ssl=1 1536w, https:\/\/i0.wp.com\/apiyaute.fr\/wp-content\/uploads\/2025\/12\/pre-commandes-2026.jpg?resize=600%2C412&amp;ssl=1 600w, https:\/\/i0.wp.com\/apiyaute.fr\/wp-content\/uploads\/2025\/12\/pre-commandes-2026.jpg?w=2048&amp;ssl=1 2048w\" sizes=\"auto, (max-width: 1024px) 100vw, 1024px\" \/><\/figure>\n<\/div><\/div><\/div>\n\n\n\n<p class=\"has-luminous-vivid-orange-color has-text-color\">Le rucher b\u00e9n\u00e9ficie d&rsquo;Un cadre exceptionnel, a d\u00e9couvrir en vid\u00e9o !<\/p>\n\n\n\n<figure class=\"wp-block-video\"><video height=\"720\" style=\"aspect-ratio: 1280 \/ 720;\" width=\"1280\" controls src=\"https:\/\/apiyaute.fr\/wp-content\/uploads\/2023\/11\/Apiyaute-finale.mp4\"><\/video><\/figure>\n\n\n\n<p><\/p>\n","protected":false},"excerpt":{"rendered":"<p>Tous les tr\u00e9sors des abeilles dans un \u00e9crin de montagne ! Laissez les bienfaits de la gel\u00e9e royale fra\u00eeche et pure prendre soin de vous ! Montrez \u00e0 vos proches que vous les aimez, offrez leur de prendre soin de leur sant\u00e9 ! Optez pour une gel\u00e9e royale 100% naturelle, fran\u00e7aise et de montagne ! [&hellip;]<\/p>\n","protected":false},"author":1,"featured_media":0,"parent":0,"menu_order":0,"comment_status":"closed","ping_status":"closed","template":"","meta":{"ocean_post_layout":"left-sidebar","ocean_both_sidebars_style":"","ocean_both_sidebars_content_width":0,"ocean_both_sidebars_sidebars_width":0,"ocean_sidebar":"","ocean_second_sidebar":"","ocean_disable_margins":"enable","ocean_add_body_class":"","ocean_shortcode_before_top_bar":"","ocean_shortcode_after_top_bar":"","ocean_shortcode_before_header":"","ocean_shortcode_after_header":"","ocean_has_shortcode":"","ocean_shortcode_after_title":"","ocean_shortcode_before_footer_widgets":"","ocean_shortcode_after_footer_widgets":"","ocean_shortcode_before_footer_bottom":"","ocean_shortcode_after_footer_bottom":"","ocean_display_top_bar":"default","ocean_display_header":"default","ocean_header_style":"","ocean_center_header_left_menu":"","ocean_custom_header_template":"","ocean_custom_logo":0,"ocean_custom_retina_logo":0,"ocean_custom_logo_max_width":0,"ocean_custom_logo_tablet_max_width":0,"ocean_custom_logo_mobile_max_width":0,"ocean_custom_logo_max_height":0,"ocean_custom_logo_tablet_max_height":0,"ocean_custom_logo_mobile_max_height":0,"ocean_header_custom_menu":"","ocean_menu_typo_font_family":"","ocean_menu_typo_font_subset":"","ocean_menu_typo_font_size":0,"ocean_menu_typo_font_size_tablet":0,"ocean_menu_typo_font_size_mobile":0,"ocean_menu_typo_font_size_unit":"px","ocean_menu_typo_font_weight":"","ocean_menu_typo_font_weight_tablet":"","ocean_menu_typo_font_weight_mobile":"","ocean_menu_typo_transform":"","ocean_menu_typo_transform_tablet":"","ocean_menu_typo_transform_mobile":"","ocean_menu_typo_line_height":0,"ocean_menu_typo_line_height_tablet":0,"ocean_menu_typo_line_height_mobile":0,"ocean_menu_typo_line_height_unit":"","ocean_menu_typo_spacing":0,"ocean_menu_typo_spacing_tablet":0,"ocean_menu_typo_spacing_mobile":0,"ocean_menu_typo_spacing_unit":"","ocean_menu_link_color":"","ocean_menu_link_color_hover":"","ocean_menu_link_color_active":"","ocean_menu_link_background":"","ocean_menu_link_hover_background":"","ocean_menu_link_active_background":"","ocean_menu_social_links_bg":"","ocean_menu_social_hover_links_bg":"","ocean_menu_social_links_color":"","ocean_menu_social_hover_links_color":"","ocean_disable_title":"default","ocean_disable_heading":"default","ocean_post_title":"","ocean_post_subheading":"","ocean_post_title_style":"","ocean_post_title_background_color":"","ocean_post_title_background":0,"ocean_post_title_bg_image_position":"","ocean_post_title_bg_image_attachment":"","ocean_post_title_bg_image_repeat":"","ocean_post_title_bg_image_size":"","ocean_post_title_height":0,"ocean_post_title_bg_overlay":0.5,"ocean_post_title_bg_overlay_color":"","ocean_disable_breadcrumbs":"default","ocean_breadcrumbs_color":"","ocean_breadcrumbs_separator_color":"","ocean_breadcrumbs_links_color":"","ocean_breadcrumbs_links_hover_color":"","ocean_display_footer_widgets":"default","ocean_display_footer_bottom":"default","ocean_custom_footer_template":"","jetpack_post_was_ever_published":false,"footnotes":""},"class_list":["post-10","page","type-page","status-publish","hentry","entry","owp-thumbs-layout-horizontal","owp-btn-big","owp-tabs-layout-horizontal","has-no-thumbnails","has-product-nav"],"jetpack_sharing_enabled":true,"_links":{"self":[{"href":"https:\/\/apiyaute.fr\/index.php\/wp-json\/wp\/v2\/pages\/10","targetHints":{"allow":["GET"]}}],"collection":[{"href":"https:\/\/apiyaute.fr\/index.php\/wp-json\/wp\/v2\/pages"}],"about":[{"href":"https:\/\/apiyaute.fr\/index.php\/wp-json\/wp\/v2\/types\/page"}],"author":[{"embeddable":true,"href":"https:\/\/apiyaute.fr\/index.php\/wp-json\/wp\/v2\/users\/1"}],"replies":[{"embeddable":true,"href":"https:\/\/apiyaute.fr\/index.php\/wp-json\/wp\/v2\/comments?post=10"}],"version-history":[{"count":53,"href":"https:\/\/apiyaute.fr\/index.php\/wp-json\/wp\/v2\/pages\/10\/revisions"}],"predecessor-version":[{"id":1729,"href":"https:\/\/apiyaute.fr\/index.php\/wp-json\/wp\/v2\/pages\/10\/revisions\/1729"}],"wp:attachment":[{"href":"https:\/\/apiyaute.fr\/index.php\/wp-json\/wp\/v2\/media?parent=10"}],"curies":[{"name":"wp","href":"https:\/\/api.w.org\/{rel}","templated":true}]}}