{"id":12,"date":"2023-10-08T14:47:18","date_gmt":"2023-10-08T12:47:18","guid":{"rendered":"https:\/\/apiyaute.fr\/?page_id=12"},"modified":"2025-07-08T18:07:56","modified_gmt":"2025-07-08T16:07:56","slug":"actualites-du-rucher-saison-2024","status":"publish","type":"page","link":"https:\/\/apiyaute.fr\/index.php\/actualites-du-rucher-saison-2024\/","title":{"rendered":"Quoi de neuf ? Ici les derni\u00e8res actus du rucher ! Et\u00e9 2025, l&rsquo;heure de partager"},"content":{"rendered":"\n<h2 class=\"wp-block-heading has-text-align-center has-luminous-vivid-amber-color has-text-color has-link-color has-large-font-size wp-elements-3d9cdf7cc2cd008d6ee61e8e70645891\">Et\u00e9 2025, l&rsquo;heure de diffuser l&rsquo;amour des abeilles<\/h2>\n\n\n\n<h1 class=\"wp-block-heading has-medium-font-size\"><strong>C&rsquo;\u00e9tait promis, 2025 voit la saison d&rsquo;\u00e9t\u00e9 s&rsquo;\u00e9toffer de s\u00e9ances d\u00e9couvertes au coeur d&rsquo;une ruche !<\/strong><\/h1>\n\n\n\n<div class=\"wp-block-media-text has-media-on-the-right is-stacked-on-mobile\" style=\"grid-template-columns:auto 34%\"><div class=\"wp-block-media-text__content\">\n<p>Les saisons passent et ne se ressemblent pas. J&rsquo;ai fait le choix de produire peu cette ann\u00e9e afin de privil\u00e9gier le repeuplement du cheptel. Cela me donne l&rsquo;opportunit\u00e9 d&rsquo;ouvrir le rucher aux visites ! <\/p>\n\n\n\n<p>C&rsquo;est l&rsquo;occasion de partager ma passion et faire d\u00e9couvrir le monde surprenant des abeilles.<\/p>\n\n\n\n<p><\/p>\n<\/div><figure class=\"wp-block-media-text__media\"><img data-recalc-dims=\"1\" loading=\"lazy\" decoding=\"async\" width=\"720\" height=\"642\" src=\"https:\/\/i0.wp.com\/apiyaute.fr\/wp-content\/uploads\/2025\/07\/Bee-en-vol-1.jpg?resize=720%2C642&#038;ssl=1\" alt=\"\" class=\"wp-image-1335 size-full\" srcset=\"https:\/\/i0.wp.com\/apiyaute.fr\/wp-content\/uploads\/2025\/07\/Bee-en-vol-1.jpg?w=720&amp;ssl=1 720w, https:\/\/i0.wp.com\/apiyaute.fr\/wp-content\/uploads\/2025\/07\/Bee-en-vol-1.jpg?resize=300%2C268&amp;ssl=1 300w, https:\/\/i0.wp.com\/apiyaute.fr\/wp-content\/uploads\/2025\/07\/Bee-en-vol-1.jpg?resize=600%2C535&amp;ssl=1 600w\" sizes=\"auto, (max-width: 720px) 100vw, 720px\" \/><\/figure><\/div>\n\n\n\n<h2 class=\"wp-block-heading\">le calendrier des sessions est ouvert !<\/h2>\n\n\n\n<p>Tous les d\u00e9tails et r\u00e9servations en suivant le lien <a href=\"https:\/\/apiyaute.fr\/index.php\/initiation-a-lapiculture\/\" data-type=\"page\" data-id=\"605\">Initiation apiculture- Immersion dans le monde des abeilles<\/a> ou par email sur <strong>info@apiyaute.fr<\/strong><\/p>\n\n\n\n<p><\/p>\n","protected":false},"excerpt":{"rendered":"<p>Et\u00e9 2025, l&rsquo;heure de diffuser l&rsquo;amour des abeilles C&rsquo;\u00e9tait promis, 2025 voit la saison d&rsquo;\u00e9t\u00e9 s&rsquo;\u00e9toffer de s\u00e9ances d\u00e9couvertes au coeur d&rsquo;une ruche ! Les saisons passent et ne se ressemblent pas. J&rsquo;ai fait le choix de produire peu cette ann\u00e9e afin de privil\u00e9gier le repeuplement du cheptel. Cela me donne l&rsquo;opportunit\u00e9 d&rsquo;ouvrir le rucher [&hellip;]<\/p>\n","protected":false},"author":1,"featured_media":0,"parent":0,"menu_order":0,"comment_status":"closed","ping_status":"closed","template":"","meta":{"ocean_post_layout":"","ocean_both_sidebars_style":"","ocean_both_sidebars_content_width":0,"ocean_both_sidebars_sidebars_width":0,"ocean_sidebar":"","ocean_second_sidebar":"","ocean_disable_margins":"enable","ocean_add_body_class":"","ocean_shortcode_before_top_bar":"","ocean_shortcode_after_top_bar":"","ocean_shortcode_before_header":"","ocean_shortcode_after_header":"","ocean_has_shortcode":"","ocean_shortcode_after_title":"","ocean_shortcode_before_footer_widgets":"","ocean_shortcode_after_footer_widgets":"","ocean_shortcode_before_footer_bottom":"","ocean_shortcode_after_footer_bottom":"","ocean_display_top_bar":"default","ocean_display_header":"default","ocean_header_style":"","ocean_center_header_left_menu":"","ocean_custom_header_template":"","ocean_custom_logo":0,"ocean_custom_retina_logo":0,"ocean_custom_logo_max_width":0,"ocean_custom_logo_tablet_max_width":0,"ocean_custom_logo_mobile_max_width":0,"ocean_custom_logo_max_height":0,"ocean_custom_logo_tablet_max_height":0,"ocean_custom_logo_mobile_max_height":0,"ocean_header_custom_menu":"","ocean_menu_typo_font_family":"","ocean_menu_typo_font_subset":"","ocean_menu_typo_font_size":0,"ocean_menu_typo_font_size_tablet":0,"ocean_menu_typo_font_size_mobile":0,"ocean_menu_typo_font_size_unit":"px","ocean_menu_typo_font_weight":"","ocean_menu_typo_font_weight_tablet":"","ocean_menu_typo_font_weight_mobile":"","ocean_menu_typo_transform":"","ocean_menu_typo_transform_tablet":"","ocean_menu_typo_transform_mobile":"","ocean_menu_typo_line_height":0,"ocean_menu_typo_line_height_tablet":0,"ocean_menu_typo_line_height_mobile":0,"ocean_menu_typo_line_height_unit":"","ocean_menu_typo_spacing":0,"ocean_menu_typo_spacing_tablet":0,"ocean_menu_typo_spacing_mobile":0,"ocean_menu_typo_spacing_unit":"","ocean_menu_link_color":"","ocean_menu_link_color_hover":"","ocean_menu_link_color_active":"","ocean_menu_link_background":"","ocean_menu_link_hover_background":"","ocean_menu_link_active_background":"","ocean_menu_social_links_bg":"","ocean_menu_social_hover_links_bg":"","ocean_menu_social_links_color":"","ocean_menu_social_hover_links_color":"","ocean_disable_title":"default","ocean_disable_heading":"default","ocean_post_title":"","ocean_post_subheading":"","ocean_post_title_style":"","ocean_post_title_background_color":"","ocean_post_title_background":0,"ocean_post_title_bg_image_position":"","ocean_post_title_bg_image_attachment":"","ocean_post_title_bg_image_repeat":"","ocean_post_title_bg_image_size":"","ocean_post_title_height":0,"ocean_post_title_bg_overlay":0.5,"ocean_post_title_bg_overlay_color":"","ocean_disable_breadcrumbs":"default","ocean_breadcrumbs_color":"","ocean_breadcrumbs_separator_color":"","ocean_breadcrumbs_links_color":"","ocean_breadcrumbs_links_hover_color":"","ocean_display_footer_widgets":"default","ocean_display_footer_bottom":"default","ocean_custom_footer_template":"","jetpack_post_was_ever_published":false,"footnotes":""},"class_list":["post-12","page","type-page","status-publish","hentry","entry","owp-thumbs-layout-horizontal","owp-btn-big","owp-tabs-layout-horizontal","has-no-thumbnails","has-product-nav"],"jetpack_sharing_enabled":true,"_links":{"self":[{"href":"https:\/\/apiyaute.fr\/index.php\/wp-json\/wp\/v2\/pages\/12","targetHints":{"allow":["GET"]}}],"collection":[{"href":"https:\/\/apiyaute.fr\/index.php\/wp-json\/wp\/v2\/pages"}],"about":[{"href":"https:\/\/apiyaute.fr\/index.php\/wp-json\/wp\/v2\/types\/page"}],"author":[{"embeddable":true,"href":"https:\/\/apiyaute.fr\/index.php\/wp-json\/wp\/v2\/users\/1"}],"replies":[{"embeddable":true,"href":"https:\/\/apiyaute.fr\/index.php\/wp-json\/wp\/v2\/comments?post=12"}],"version-history":[{"count":19,"href":"https:\/\/apiyaute.fr\/index.php\/wp-json\/wp\/v2\/pages\/12\/revisions"}],"predecessor-version":[{"id":1336,"href":"https:\/\/apiyaute.fr\/index.php\/wp-json\/wp\/v2\/pages\/12\/revisions\/1336"}],"wp:attachment":[{"href":"https:\/\/apiyaute.fr\/index.php\/wp-json\/wp\/v2\/media?parent=12"}],"curies":[{"name":"wp","href":"https:\/\/api.w.org\/{rel}","templated":true}]}}