{"id":239,"date":"2023-10-16T17:19:19","date_gmt":"2023-10-16T15:19:19","guid":{"rendered":"https:\/\/apiyaute.fr\/?page_id=239"},"modified":"2023-10-16T17:21:36","modified_gmt":"2023-10-16T15:21:36","slug":"conditions-generales-dutilisation","status":"publish","type":"page","link":"https:\/\/apiyaute.fr\/index.php\/conditions-generales-dutilisation\/","title":{"rendered":"Conditions g\u00e9n\u00e9rales d&rsquo;utilisation"},"content":{"rendered":"\n<p>Les pr\u00e9sentes CGU ou Conditions G\u00e9n\u00e9rales d\u2019Utilisation encadrent juridiquement l\u2019utilisation des services du site apiyaute.fr (ci-apr\u00e8s d\u00e9nomm\u00e9 \u00ab\u00a0le site\u00a0\u00bb).<\/p>\n\n\n\n<p>Constituant le contrat entre Kelly Lardinois g\u00e9rante d&rsquo;Apiyaute et l\u2019Utilisateur, l\u2019acc\u00e8s au site signifie l\u2019acceptation des pr\u00e9sentes CGU.<\/p>\n\n\n\n<h2 class=\"wp-block-heading\">Mentions l\u00e9gales<\/h2>\n\n\n\n<p>L\u2019\u00e9dition du site apiyaute.fr est assur\u00e9e par l&rsquo;entreprise individuelle Kelly Lardinois  localis\u00e9e au 2195 route de morat 74130 Gli\u00e8res-Val-de-Borne, SIRET n\u00b0 94930174100011 , APE n\u00b00149Z, TVA intracommunautaire n\u00b0FR76949301741.<\/p>\n\n\n\n<p>L\u2019h\u00e9bergeur du site apiyaute.fr est la soci\u00e9t\u00e9 <strong>HOSTINGER<\/strong>\u00a0INTERNATIONAL LTD, dont le si\u00e8ge social se situe 61 Lordou Vironos Street, 6023 Larnaca, Chypre<\/p>\n\n\n\n<h2 class=\"wp-block-heading\">Acc\u00e8s au site<\/h2>\n\n\n\n<p>Le site apiyaute.fr permet d\u2019acc\u00e9der gratuitement aux services suivants\u00a0:<\/p>\n\n\n\n<ul class=\"wp-block-list\">\n<li>Vente de produits de la ruche (gel\u00e9e royale, miel, pollen\u2026)\u00a0;<\/li>\n\n\n\n<li>Informations sur l&rsquo;apiculture et les produits de la ruche.<\/li>\n<\/ul>\n\n\n\n<p>Le site est accessible gratuitement depuis n\u2019importe o\u00f9 par tout utilisateur disposant d\u2019un acc\u00e8s \u00e0 Internet. Tous les frais n\u00e9cessaires pour l\u2019acc\u00e8s aux services (mat\u00e9riel informatique, connexion Internet\u2026) sont \u00e0 la charge de l\u2019utilisateur.<\/p>\n\n\n\n<p>L\u2019acc\u00e8s aux services de boutique en ligne s&rsquo;effectue notamment \u00e0 l\u2019aide d\u2019un identifiant et d\u2019un mot de passe.<\/p>\n\n\n\n<p>Pour des raisons de maintenance ou autres, l\u2019acc\u00e8s au site peut \u00eatre interrompu ou suspendu par l\u2019\u00e9diteur sans pr\u00e9avis ni justification.<\/p>\n\n\n\n<h2 class=\"wp-block-heading\">Collecte des donn\u00e9es<\/h2>\n\n\n\n<p>Voir les pages <a href=\"https:\/\/apiyaute.fr\/index.php\/politique-de-confidentialite\/\" data-type=\"page\" data-id=\"3\">Politique de confidentialit\u00e9<\/a> et <a href=\"https:\/\/apiyaute.fr\/index.php\/politique-de-cookies-ue\/\" data-type=\"page\" data-id=\"216\">Politique de cookies (UE)<\/a><\/p>\n\n\n\n<h2 class=\"wp-block-heading\">Propri\u00e9t\u00e9 intellectuelle<\/h2>\n\n\n\n<p>Les marques, logos ainsi que les contenus du site apiyaute.fr (illustrations graphiques, textes\u2026) sont prot\u00e9g\u00e9s par le Code de la propri\u00e9t\u00e9 intellectuelle et par le droit d\u2019auteur.<\/p>\n\n\n\n<p>La reproduction et la copie des contenus par l\u2019Utilisateur requi\u00e8rent une autorisation pr\u00e9alable du site. Dans ce cas, toute utilisation \u00e0 des usages commerciaux ou \u00e0 des fins publicitaires est proscrite.<\/p>\n\n\n\n<h2 class=\"wp-block-heading\">Responsabilit\u00e9<\/h2>\n\n\n\n<p>Bien que les informations publi\u00e9es sur le site soient r\u00e9put\u00e9es fiables, le site se r\u00e9serve la facult\u00e9 d\u2019une non-garantie de la fiabilit\u00e9 des sources.<\/p>\n\n\n\n<p>Les informations diffus\u00e9es sur le site sont pr\u00e9sent\u00e9es \u00e0 titre purement informatif et sont sans valeur contractuelle. En d\u00e9pit des mises \u00e0 jour r\u00e9guli\u00e8res, la responsabilit\u00e9 du site ne peut \u00eatre engag\u00e9e en cas de modification des dispositions administratives et juridiques apparaissant apr\u00e8s la publication. Il en est de m\u00eame pour l\u2019utilisation et l\u2019interpr\u00e9tation des informations communiqu\u00e9es sur la plateforme.<\/p>\n\n\n\n<p>Le site d\u00e9cline toute responsabilit\u00e9 concernant les \u00e9ventuels virus pouvant infecter le mat\u00e9riel informatique de l\u2019Utilisateur apr\u00e8s l\u2019utilisation ou l\u2019acc\u00e8s \u00e0 ce site.<\/p>\n\n\n\n<p>Le site ne peut \u00eatre tenu pour responsable en cas de force majeure ou du fait impr\u00e9visible et insurmontable d\u2019un tiers.<\/p>\n\n\n\n<p>La garantie totale de la s\u00e9curit\u00e9 et la confidentialit\u00e9 des donn\u00e9es n\u2019est pas assur\u00e9e par le site. Cependant, le site s\u2019engage \u00e0 mettre en \u0153uvre toutes les m\u00e9thodes requises pour le faire au mieux.<\/p>\n\n\n\n<h2 class=\"wp-block-heading\">Liens hypertextes<\/h2>\n\n\n\n<p>Le site peut comprendre des liens hypertextes. En cliquant sur ces derniers, l\u2019Utilisateur sortira de la plateforme. Cette derni\u00e8re n\u2019a pas de contr\u00f4le et ne peut pas \u00eatre tenue responsable du contenu des pages web relatives \u00e0 ces liens.<\/p>\n\n\n\n<h2 class=\"wp-block-heading\">Publication par l\u2019Utilisateur<\/h2>\n\n\n\n<p>Dans le cas o\u00f9 le site permet aux membres de publier des commentaires.<\/p>\n\n\n\n<p>Dans ses publications, le membre est tenu de respecter les r\u00e8gles de la Netiquette ainsi que les r\u00e8gles de droit en vigueur.<\/p>\n\n\n\n<p>Le site dispose du droit d\u2019exercer une mod\u00e9ration \u00e0 priori sur les publications et peut refuser leur mise en ligne sans avoir \u00e0 fournir de justification.<\/p>\n\n\n\n<p>Le membre garde l\u2019int\u00e9gralit\u00e9 de ses droits de propri\u00e9t\u00e9 intellectuelle. Toutefois, toute publication sur le site implique la d\u00e9l\u00e9gation du droit non exclusif et gratuit \u00e0 la soci\u00e9t\u00e9 \u00e9ditrice de repr\u00e9senter, reproduire, modifier, adapter, distribuer et diffuser la publication n\u2019importe o\u00f9 et sur n\u2019importe quel support pour la dur\u00e9e de la propri\u00e9t\u00e9 intellectuelle. Cela peut se faire directement ou par l\u2019interm\u00e9diaire d\u2019un tiers autoris\u00e9. Cela concerne notamment le droit d\u2019utilisation de la publication sur le web et sur les r\u00e9seaux de t\u00e9l\u00e9phonie mobile.<\/p>\n\n\n\n<p>\u00c0 chaque utilisation, l\u2019\u00e9diteur s\u2019engage \u00e0 mentionner le nom du membre \u00e0 proximit\u00e9 de la publication.<\/p>\n\n\n\n<p>L\u2019Utilisateur est tenu responsable de tout contenu qu\u2019il met en ligne. L\u2019Utilisateur s\u2019engage \u00e0 ne pas publier de contenus susceptibles de porter atteinte aux int\u00e9r\u00eats de tierces personnes. Toutes proc\u00e9dures engag\u00e9es en justice par un tiers l\u00e9s\u00e9 \u00e0 l\u2019encontre du site devront \u00eatre prises en charge par l\u2019Utilisateur.<\/p>\n\n\n\n<p>La suppression ou la modification par le site du contenu de l\u2019Utilisateur peut s\u2019effectuer \u00e0 tout moment, pour n\u2019importe quelle raison et sans pr\u00e9avis.<\/p>\n\n\n\n<h2 class=\"wp-block-heading\">Dur\u00e9e<\/h2>\n\n\n\n<p>Les pr\u00e9sentes conditions sont valables pour une dur\u00e9e ind\u00e9termin\u00e9e. Le d\u00e9but de l\u2019utilisation des services du site marque leur application \u00e0 l\u2019\u00e9gard de l\u2019Utilisateur.<\/p>\n\n\n\n<h2 class=\"wp-block-heading\">Droit applicable et juridiction comp\u00e9tente<\/h2>\n\n\n\n<p>Les pr\u00e9sentes conditions sont soumises \u00e0 la l\u00e9gislation fran\u00e7aise. L\u2019absence de r\u00e9solution \u00e0 l\u2019amiable des cas de litige entre les parties implique le recours aux tribunaux fran\u00e7ais comp\u00e9tents pour r\u00e9gler le contentieux.<\/p>\n","protected":false},"excerpt":{"rendered":"<p>Les pr\u00e9sentes CGU ou Conditions G\u00e9n\u00e9rales d\u2019Utilisation encadrent juridiquement l\u2019utilisation des services du site apiyaute.fr (ci-apr\u00e8s d\u00e9nomm\u00e9 \u00ab\u00a0le site\u00a0\u00bb). Constituant le contrat entre Kelly Lardinois g\u00e9rante d&rsquo;Apiyaute et l\u2019Utilisateur, l\u2019acc\u00e8s au site signifie l\u2019acceptation des pr\u00e9sentes CGU. Mentions l\u00e9gales L\u2019\u00e9dition du site apiyaute.fr est assur\u00e9e par l&rsquo;entreprise individuelle Kelly Lardinois localis\u00e9e au 2195 route de [&hellip;]<\/p>\n","protected":false},"author":1,"featured_media":0,"parent":0,"menu_order":0,"comment_status":"closed","ping_status":"closed","template":"","meta":{"ocean_post_layout":"","ocean_both_sidebars_style":"","ocean_both_sidebars_content_width":0,"ocean_both_sidebars_sidebars_width":0,"ocean_sidebar":"","ocean_second_sidebar":"","ocean_disable_margins":"enable","ocean_add_body_class":"","ocean_shortcode_before_top_bar":"","ocean_shortcode_after_top_bar":"","ocean_shortcode_before_header":"","ocean_shortcode_after_header":"","ocean_has_shortcode":"","ocean_shortcode_after_title":"","ocean_shortcode_before_footer_widgets":"","ocean_shortcode_after_footer_widgets":"","ocean_shortcode_before_footer_bottom":"","ocean_shortcode_after_footer_bottom":"","ocean_display_top_bar":"default","ocean_display_header":"default","ocean_header_style":"","ocean_center_header_left_menu":"","ocean_custom_header_template":"","ocean_custom_logo":0,"ocean_custom_retina_logo":0,"ocean_custom_logo_max_width":0,"ocean_custom_logo_tablet_max_width":0,"ocean_custom_logo_mobile_max_width":0,"ocean_custom_logo_max_height":0,"ocean_custom_logo_tablet_max_height":0,"ocean_custom_logo_mobile_max_height":0,"ocean_header_custom_menu":"","ocean_menu_typo_font_family":"","ocean_menu_typo_font_subset":"","ocean_menu_typo_font_size":0,"ocean_menu_typo_font_size_tablet":0,"ocean_menu_typo_font_size_mobile":0,"ocean_menu_typo_font_size_unit":"px","ocean_menu_typo_font_weight":"","ocean_menu_typo_font_weight_tablet":"","ocean_menu_typo_font_weight_mobile":"","ocean_menu_typo_transform":"","ocean_menu_typo_transform_tablet":"","ocean_menu_typo_transform_mobile":"","ocean_menu_typo_line_height":0,"ocean_menu_typo_line_height_tablet":0,"ocean_menu_typo_line_height_mobile":0,"ocean_menu_typo_line_height_unit":"","ocean_menu_typo_spacing":0,"ocean_menu_typo_spacing_tablet":0,"ocean_menu_typo_spacing_mobile":0,"ocean_menu_typo_spacing_unit":"","ocean_menu_link_color":"","ocean_menu_link_color_hover":"","ocean_menu_link_color_active":"","ocean_menu_link_background":"","ocean_menu_link_hover_background":"","ocean_menu_link_active_background":"","ocean_menu_social_links_bg":"","ocean_menu_social_hover_links_bg":"","ocean_menu_social_links_color":"","ocean_menu_social_hover_links_color":"","ocean_disable_title":"default","ocean_disable_heading":"default","ocean_post_title":"","ocean_post_subheading":"","ocean_post_title_style":"","ocean_post_title_background_color":"","ocean_post_title_background":0,"ocean_post_title_bg_image_position":"","ocean_post_title_bg_image_attachment":"","ocean_post_title_bg_image_repeat":"","ocean_post_title_bg_image_size":"","ocean_post_title_height":0,"ocean_post_title_bg_overlay":0.5,"ocean_post_title_bg_overlay_color":"","ocean_disable_breadcrumbs":"default","ocean_breadcrumbs_color":"","ocean_breadcrumbs_separator_color":"","ocean_breadcrumbs_links_color":"","ocean_breadcrumbs_links_hover_color":"","ocean_display_footer_widgets":"default","ocean_display_footer_bottom":"default","ocean_custom_footer_template":"","jetpack_post_was_ever_published":false,"footnotes":""},"class_list":["post-239","page","type-page","status-publish","hentry","entry","owp-thumbs-layout-horizontal","owp-btn-big","owp-tabs-layout-horizontal","has-no-thumbnails","has-product-nav"],"jetpack_sharing_enabled":true,"_links":{"self":[{"href":"https:\/\/apiyaute.fr\/index.php\/wp-json\/wp\/v2\/pages\/239","targetHints":{"allow":["GET"]}}],"collection":[{"href":"https:\/\/apiyaute.fr\/index.php\/wp-json\/wp\/v2\/pages"}],"about":[{"href":"https:\/\/apiyaute.fr\/index.php\/wp-json\/wp\/v2\/types\/page"}],"author":[{"embeddable":true,"href":"https:\/\/apiyaute.fr\/index.php\/wp-json\/wp\/v2\/users\/1"}],"replies":[{"embeddable":true,"href":"https:\/\/apiyaute.fr\/index.php\/wp-json\/wp\/v2\/comments?post=239"}],"version-history":[{"count":2,"href":"https:\/\/apiyaute.fr\/index.php\/wp-json\/wp\/v2\/pages\/239\/revisions"}],"predecessor-version":[{"id":241,"href":"https:\/\/apiyaute.fr\/index.php\/wp-json\/wp\/v2\/pages\/239\/revisions\/241"}],"wp:attachment":[{"href":"https:\/\/apiyaute.fr\/index.php\/wp-json\/wp\/v2\/media?parent=239"}],"curies":[{"name":"wp","href":"https:\/\/api.w.org\/{rel}","templated":true}]}}