{"id":3,"date":"2023-10-08T13:07:41","date_gmt":"2023-10-08T11:07:41","guid":{"rendered":"http:\/\/apiyaute.fr\/?page_id=3"},"modified":"2023-10-16T10:06:50","modified_gmt":"2023-10-16T08:06:50","slug":"politique-de-confidentialite","status":"publish","type":"page","link":"https:\/\/apiyaute.fr\/index.php\/politique-de-confidentialite\/","title":{"rendered":"Politique de confidentialit\u00e9"},"content":{"rendered":"\n<h2 class=\"wp-block-heading\">G\u00e9n\u00e9ralit\u00e9s<\/h2>\n\n\n\n<p>La pr\u00e9sente politique de confidentialit\u00e9 d\u00e9finit et vous informe de la mani\u00e8re dont Apiyaute utilise et prot\u00e8ge les informations que vous transmettez lorsque vous utilisez le pr\u00e9sent site accessible \u00e0 partir de l\u2019URL suivante :\u00a0<a href=\"https:\/\/www.apiyaute.fr\">www.apiyaute.fr<\/a>\u00a0(ci-apr\u00e8s le \u00ab Site \u00bb).<\/p>\n\n\n\n<p>Veuillez noter que cette politique de confidentialit\u00e9 est susceptible d\u2019\u00eatre modifi\u00e9e ou compl\u00e9t\u00e9e \u00e0 tout moment par Apiyaute, notamment en vue de se conformer \u00e0 toute \u00e9volution l\u00e9gislative, r\u00e8glementaire, jurisprudentielle ou technologique. Dans un tel cas, la date de sa mise \u00e0 jour sera clairement identifi\u00e9e en t\u00eate de la pr\u00e9sente politique. Ces modifications engagent l\u2019Utilisateur d\u00e8s leur mise en ligne. Il convient par cons\u00e9quent que l\u2019Utilisateur consulte r\u00e9guli\u00e8rement la pr\u00e9sente politique de confidentialit\u00e9 et d\u2019utilisation des cookies afin de prendre connaissance de ses \u00e9ventuelles modifications.<\/p>\n\n\n\n<p><\/p>\n\n\n\n<h2 class=\"wp-block-heading\">Cookies<\/h2>\n\n\n\n<p>Voir page sp\u00e9cifique <a href=\"https:\/\/apiyaute.fr\/index.php\/politique-de-cookies-ue\/\" data-type=\"page\" data-id=\"216\">Politique de cookies (UE)<\/a><\/p>\n\n\n\n<p><\/p>\n\n\n\n<h2 class=\"wp-block-heading\">Contenu embarqu\u00e9 depuis d\u2019autres sites<\/h2>\n\n\n\n<p>Les articles du Site peuvent inclure des contenus int\u00e9gr\u00e9s (par exemple des vid\u00e9os, images, articles\u2026). Le contenu int\u00e9gr\u00e9 depuis d\u2019autres sites se comporte de la m\u00eame mani\u00e8re que si le visiteur se rendait sur cet autre site.<\/p>\n\n\n\n<p>Ces sites web pourraient collecter des donn\u00e9es sur vous, utiliser des cookies, embarquer des outils de suivis tiers, suivre vos interactions avec ces contenus embarqu\u00e9s si vous disposez d\u2019un compte connect\u00e9 sur leur site web.<\/p>\n\n\n\n<h2 class=\"wp-block-heading\">vos donn\u00e9es personnelles<\/h2>\n\n\n\n<p>Vous pouvez visiter le Site sans communiquer aucune information personnelle vous concernant. Dans ce cas, il se peut que vous ne puissiez pas b\u00e9n\u00e9ficier de toutes les possibilit\u00e9s offertes par le Site. <\/p>\n\n\n\n<p>Le site peut \u00eatre amen\u00e9 \u00e0 vous demander de renseigner vos nom, pr\u00e9nom, adresse mail, num\u00e9ro de t\u00e9l\u00e9phone, entreprise et fonction (ci-apr\u00e8s vos \u00ab Informations Personnelles \u00bb). En fournissant ces informations, vous acceptez express\u00e9ment qu\u2019elles soient trait\u00e9es par Lardinois Kelly, 2195 route de morat \u00e0 74130 Gli\u00e8res-Val-de-Borne pour les fins suivantes :<\/p>\n\n\n\n<p>&#8211; fournir les informations ou les services que vous avez demand\u00e9 (p.ex la Newsletter, offre commerciale);<\/p>\n\n\n\n<p>&#8211; recueillir des informations permettant d\u2019am\u00e9liorer le Site, les produits et services;<\/p>\n\n\n\n<p>&#8211; pouvoir vous contacter \u00e0 propos de diff\u00e9rents \u00e9v\u00e8nements relatifs \u00e0 Apiyaute dans le cadre d&rsquo;une relation commerciale.<\/p>\n\n\n\n<p>Vos donn\u00e9es personnelles ne seront en aucun cas l&rsquo;objet d&rsquo;une commercialisation et ne seront pas transmises \u00e0 des tiers autres que les prestataires de services habilit\u00e9s par Apiyaute avec les m\u00eames garanties de confidentialit\u00e9 (s\u00e9curisation des paiements, envois et livraisons, etc.).<\/p>\n\n\n\n<p>Les commentaires des visiteurs peuvent \u00eatre v\u00e9rifi\u00e9s \u00e0 l\u2019aide d\u2019un service automatis\u00e9 de d\u00e9tection des commentaires ind\u00e9sirables.<\/p>\n\n\n\n<h2 class=\"wp-block-heading\">Dur\u00e9es de stockage de vos donn\u00e9es<\/h2>\n\n\n\n<p>Les donn\u00e9es nominatives collect\u00e9es sont conserv\u00e9es conform\u00e9ment \u00e0 la r\u00e9glementation relative \u00e0 la protection des donn\u00e9es et selon les dur\u00e9es des prescriptions l\u00e9gales.<\/p>\n\n\n\n<p>Si vous laissez un commentaire, le commentaire et ses m\u00e9tadonn\u00e9es sont conserv\u00e9s ind\u00e9finiment. <\/p>\n\n\n\n<p><\/p>\n\n\n\n<h2 class=\"wp-block-heading\">Les droits que vous avez sur vos donn\u00e9es<\/h2>\n\n\n\n<p>Conform\u00e9ment \u00e0 la r\u00e9glementation, vous avez le droit \u00e0 l&rsquo;acc\u00e8s et la rectification de vos donn\u00e9es personnelles.<\/p>\n\n\n\n<p>Si vous avez un compte, ou si vous avez laiss\u00e9 des commentaires sur le site, vous pouvez demander \u00e0 recevoir un fichier contenant toutes les donn\u00e9es personnelles que nous poss\u00e9dons \u00e0 votre sujet, incluant celles que vous nous avez fournies. Vous pouvez \u00e9galement demander la suppression des donn\u00e9es personnelles vous concernant. Cela ne prend pas en compte les donn\u00e9es stock\u00e9es \u00e0 des fins administratives, l\u00e9gales, comptables et fiscale, ou pour des raisons de s\u00e9curit\u00e9.<\/p>\n\n\n\n<p>Ces droits peuvent \u00eatre exerc\u00e9s, \u00e0 tout moment, par email \u00e0 l\u2019adresse\u00a0<a href=\"contact@apiyaute.fr\" data-type=\"link\" data-id=\"contact@apiyaute.fr\">contact@apiyaute.fr<\/a>\u00a0ou par voie postale \u00e0 l\u2019adresse suivante :<\/p>\n\n\n\n<p>Kelly Lardinois &#8211; Apiyaute- 2195 route de morat 74130 Gli\u00e8res-Val-de-Borne (FRANCE)<\/p>\n\n\n\n<h2 class=\"wp-block-heading\">R\u00e9clamations<\/h2>\n\n\n\n<p>Vous pouvez \u00e9galement d\u00e9poser vos r\u00e9clamations \u00e9ventuelles aupr\u00e8s de la Commission Nationale de l\u2019Informatique et des Libert\u00e9s (CNIL). Des informations suppl\u00e9mentaires sont accessibles sur son site Internet\u00a0<a href=\"https:\/\/www.cnil.fr.\/\">www.cnil.fr.<\/a><\/p>\n","protected":false},"excerpt":{"rendered":"<p>G\u00e9n\u00e9ralit\u00e9s La pr\u00e9sente politique de confidentialit\u00e9 d\u00e9finit et vous informe de la mani\u00e8re dont Apiyaute utilise et prot\u00e8ge les informations que vous transmettez lorsque vous utilisez le pr\u00e9sent site accessible \u00e0 partir de l\u2019URL suivante :\u00a0www.apiyaute.fr\u00a0(ci-apr\u00e8s le \u00ab Site \u00bb). Veuillez noter que cette politique de confidentialit\u00e9 est susceptible d\u2019\u00eatre modifi\u00e9e ou compl\u00e9t\u00e9e \u00e0 tout [&hellip;]<\/p>\n","protected":false},"author":1,"featured_media":0,"parent":0,"menu_order":0,"comment_status":"closed","ping_status":"closed","template":"","meta":{"ocean_post_layout":"","ocean_both_sidebars_style":"","ocean_both_sidebars_content_width":0,"ocean_both_sidebars_sidebars_width":0,"ocean_sidebar":"","ocean_second_sidebar":"","ocean_disable_margins":"enable","ocean_add_body_class":"","ocean_shortcode_before_top_bar":"","ocean_shortcode_after_top_bar":"","ocean_shortcode_before_header":"","ocean_shortcode_after_header":"","ocean_has_shortcode":"","ocean_shortcode_after_title":"","ocean_shortcode_before_footer_widgets":"","ocean_shortcode_after_footer_widgets":"","ocean_shortcode_before_footer_bottom":"","ocean_shortcode_after_footer_bottom":"","ocean_display_top_bar":"default","ocean_display_header":"default","ocean_header_style":"","ocean_center_header_left_menu":"","ocean_custom_header_template":"","ocean_custom_logo":0,"ocean_custom_retina_logo":0,"ocean_custom_logo_max_width":0,"ocean_custom_logo_tablet_max_width":0,"ocean_custom_logo_mobile_max_width":0,"ocean_custom_logo_max_height":0,"ocean_custom_logo_tablet_max_height":0,"ocean_custom_logo_mobile_max_height":0,"ocean_header_custom_menu":"","ocean_menu_typo_font_family":"","ocean_menu_typo_font_subset":"","ocean_menu_typo_font_size":0,"ocean_menu_typo_font_size_tablet":0,"ocean_menu_typo_font_size_mobile":0,"ocean_menu_typo_font_size_unit":"px","ocean_menu_typo_font_weight":"","ocean_menu_typo_font_weight_tablet":"","ocean_menu_typo_font_weight_mobile":"","ocean_menu_typo_transform":"","ocean_menu_typo_transform_tablet":"","ocean_menu_typo_transform_mobile":"","ocean_menu_typo_line_height":0,"ocean_menu_typo_line_height_tablet":0,"ocean_menu_typo_line_height_mobile":0,"ocean_menu_typo_line_height_unit":"","ocean_menu_typo_spacing":0,"ocean_menu_typo_spacing_tablet":0,"ocean_menu_typo_spacing_mobile":0,"ocean_menu_typo_spacing_unit":"","ocean_menu_link_color":"","ocean_menu_link_color_hover":"","ocean_menu_link_color_active":"","ocean_menu_link_background":"","ocean_menu_link_hover_background":"","ocean_menu_link_active_background":"","ocean_menu_social_links_bg":"","ocean_menu_social_hover_links_bg":"","ocean_menu_social_links_color":"","ocean_menu_social_hover_links_color":"","ocean_disable_title":"default","ocean_disable_heading":"default","ocean_post_title":"","ocean_post_subheading":"","ocean_post_title_style":"","ocean_post_title_background_color":"","ocean_post_title_background":0,"ocean_post_title_bg_image_position":"","ocean_post_title_bg_image_attachment":"","ocean_post_title_bg_image_repeat":"","ocean_post_title_bg_image_size":"","ocean_post_title_height":0,"ocean_post_title_bg_overlay":0.5,"ocean_post_title_bg_overlay_color":"","ocean_disable_breadcrumbs":"default","ocean_breadcrumbs_color":"","ocean_breadcrumbs_separator_color":"","ocean_breadcrumbs_links_color":"","ocean_breadcrumbs_links_hover_color":"","ocean_display_footer_widgets":"default","ocean_display_footer_bottom":"default","ocean_custom_footer_template":"","jetpack_post_was_ever_published":false,"footnotes":""},"class_list":["post-3","page","type-page","status-publish","hentry","entry","owp-thumbs-layout-horizontal","owp-btn-big","owp-tabs-layout-horizontal","has-no-thumbnails","has-product-nav"],"jetpack_sharing_enabled":true,"_links":{"self":[{"href":"https:\/\/apiyaute.fr\/index.php\/wp-json\/wp\/v2\/pages\/3","targetHints":{"allow":["GET"]}}],"collection":[{"href":"https:\/\/apiyaute.fr\/index.php\/wp-json\/wp\/v2\/pages"}],"about":[{"href":"https:\/\/apiyaute.fr\/index.php\/wp-json\/wp\/v2\/types\/page"}],"author":[{"embeddable":true,"href":"https:\/\/apiyaute.fr\/index.php\/wp-json\/wp\/v2\/users\/1"}],"replies":[{"embeddable":true,"href":"https:\/\/apiyaute.fr\/index.php\/wp-json\/wp\/v2\/comments?post=3"}],"version-history":[{"count":3,"href":"https:\/\/apiyaute.fr\/index.php\/wp-json\/wp\/v2\/pages\/3\/revisions"}],"predecessor-version":[{"id":223,"href":"https:\/\/apiyaute.fr\/index.php\/wp-json\/wp\/v2\/pages\/3\/revisions\/223"}],"wp:attachment":[{"href":"https:\/\/apiyaute.fr\/index.php\/wp-json\/wp\/v2\/media?parent=3"}],"curies":[{"name":"wp","href":"https:\/\/api.w.org\/{rel}","templated":true}]}}