{"id":413,"date":"2023-11-27T16:12:22","date_gmt":"2023-11-27T15:12:22","guid":{"rendered":"https:\/\/apiyaute.fr\/?page_id=413"},"modified":"2024-04-03T14:28:44","modified_gmt":"2024-04-03T12:28:44","slug":"les-bienfaits-du-pollen","status":"publish","type":"page","link":"https:\/\/apiyaute.fr\/index.php\/les-bienfaits-du-pollen\/","title":{"rendered":"Le pollen et ses bienfaits"},"content":{"rendered":"<div class=\"wp-block-image\">\n<figure class=\"alignright size-large is-resized\"><img data-recalc-dims=\"1\" loading=\"lazy\" decoding=\"async\" width=\"1024\" height=\"560\" src=\"https:\/\/i0.wp.com\/apiyaute.fr\/wp-content\/uploads\/2023\/10\/pollen-ete-1024x560.jpeg?resize=1024%2C560\" alt=\"Le pollen, de petits grains aux multiples bienfaits.\" class=\"wp-image-332\" style=\"width:278px;height:auto\" srcset=\"https:\/\/i0.wp.com\/apiyaute.fr\/wp-content\/uploads\/2023\/10\/pollen-ete.jpeg?resize=1024%2C560&amp;ssl=1 1024w, https:\/\/i0.wp.com\/apiyaute.fr\/wp-content\/uploads\/2023\/10\/pollen-ete.jpeg?resize=300%2C164&amp;ssl=1 300w, https:\/\/i0.wp.com\/apiyaute.fr\/wp-content\/uploads\/2023\/10\/pollen-ete.jpeg?resize=768%2C420&amp;ssl=1 768w, https:\/\/i0.wp.com\/apiyaute.fr\/wp-content\/uploads\/2023\/10\/pollen-ete.jpeg?resize=600%2C328&amp;ssl=1 600w, https:\/\/i0.wp.com\/apiyaute.fr\/wp-content\/uploads\/2023\/10\/pollen-ete.jpeg?w=1055&amp;ssl=1 1055w\" sizes=\"auto, (max-width: 1024px) 100vw, 1024px\" \/><\/figure>\n<\/div>\n\n\n<h2 class=\"wp-block-heading\"><strong>Qu&rsquo;est-ce que le pollen  ?<\/strong><\/h2>\n\n\n\n<p class=\"has-text-align-justify has-text-color has-link-color wp-elements-10cd52fba6e2bec3187e32ca21442302\" style=\"color:#008000\">Le pollen est un \u00e9l\u00e9ment essentiel de la reproduction des plantes \u00e0 fleur et qui est \u00e0 l&rsquo;origine de nombreux bienfaits.<\/p>\n\n\n\n<p class=\"has-text-align-justify has-text-color has-link-color wp-elements-a2497f237c6d4b1220f762b05dec37ef\" style=\"color:#008000\">Le pollen est constitu\u00e9 de minuscules grains produits par l\u2019organe m\u00e2le des plantes \u00e0 fleurs. Ces grains sont vou\u00e9s \u00e0 assurer la f\u00e9condation des organes femelles des fleurs.  Lorsque le transport du pollen d\u2019une fleur \u00e0 l\u2019autre se fait par les abeilles on parle alors de <strong>pollinisation entomophile<\/strong>. <\/p>\n\n\n\n<p class=\"has-text-align-justify has-text-color has-link-color wp-elements-7cd81dabf816650a4304e514f4acf5e3\" style=\"color:#008000\">Ces grains forment une poussi\u00e8re qui est accumul\u00e9e par les abeilles lors de leur action de <strong>butinage<\/strong>. Elles forment des <strong>pelotes<\/strong> sur leurs pattes post\u00e9rieures pour les ramener \u00e0 la ruche. Ces petites boules comprennent donc le pollen d\u2019un grand nombre de fleurs <strong>ainsi que des enzymes<\/strong> ajout\u00e9es par les abeilles pour agglutiner les grains.<\/p>\n\n\n\n<p class=\"has-text-align-justify has-text-color has-link-color wp-elements-8745d39d71c987602edc655d61ec7a78\" style=\"color:#008000\">Le pollen est utilis\u00e9 comme nourriture par les abeilles. Il s\u2019agit de leur unique <strong>source de prot\u00e9ines<\/strong> qui est indispensable pour leur d\u00e9veloppement.<\/p>\n\n\n\n<h2 class=\"wp-block-heading\"><strong>Composition du pollen<\/strong><\/h2>\n\n\n\n<p class=\"has-text-align-justify has-text-color has-link-color wp-elements-95e6b8c3f55b67509787d2b3f29c8595\" style=\"color:#008000\">Selon la <strong>localisation g\u00e9ographique<\/strong> et la <strong>p\u00e9riode de l\u2019ann\u00e9e<\/strong>, les pelotes de pollen ont une <strong>composition florale diff\u00e9rente<\/strong>. <\/p>\n\n\n\n<p class=\"has-text-align-justify has-text-color has-link-color wp-elements-37dad101ef554823309454fa4783bb33\" style=\"color:#008000\">Le pollen utilis\u00e9 dans la pr\u00e9paration miel-pollen est un <strong>pollen d\u2019\u00e9t\u00e9 de montagne<\/strong>. Il a donc \u00e9t\u00e9 r\u00e9colt\u00e9 sur les fleurs de la montagne durant l\u2019\u00e9t\u00e9.<\/p>\n\n\n\n<p class=\"has-text-align-justify has-text-color has-link-color wp-elements-e989333e1211c46d418b1ed4dff11eed\" style=\"color:#008000\">Il est compos\u00e9 d\u2019environ <strong>un quart de prot\u00e9ines<\/strong>, un quart de glucides, des lipides (dont un grand nombre d\u2019acides gras essentiels) et d\u2019une foule d\u2019\u00e9l\u00e9ments int\u00e9ressants d\u2019un point de vue nutritionnel. <\/p>\n\n\n\n<p class=\"has-text-align-justify has-text-color has-link-color wp-elements-7e4cf8aa9d12f08b0d220ac14bb26bb0\" style=\"color:#008000\">Parmi ceux-ci, on retrouve <strong>5% de min\u00e9raux (potassium, calcium, soufre, magn\u00e9sium, zinc, chlore, fer, cuivre, mangan\u00e8se, phosphore, silicium) dont du s\u00e9l\u00e9nium<\/strong>, antioxydant tr\u00e8s rare, en grande proportion. Il comprend \u00e9galement de nombreuses <strong>vitamines <\/strong>(A, B1, B2, B3, B5, B6, B8, B9, B12, C, D, E).<\/p>\n\n\n\n<h2 class=\"wp-block-heading\"><strong>Bienfaits et contre-indication du pollen pour l\u2019humain<\/strong><\/h2>\n\n\n<div class=\"wp-block-image\">\n<figure class=\"alignright size-full is-resized\"><img data-recalc-dims=\"1\" loading=\"lazy\" decoding=\"async\" width=\"832\" height=\"758\" src=\"https:\/\/i0.wp.com\/apiyaute.fr\/wp-content\/uploads\/2023\/10\/miel-pollen-colore.png?resize=832%2C758\" alt=\"La synergie des bienfaits du pollen et du miel de montagne.\" class=\"wp-image-331\" style=\"width:278px;height:auto\" srcset=\"https:\/\/i0.wp.com\/apiyaute.fr\/wp-content\/uploads\/2023\/10\/miel-pollen-colore.png?w=832&amp;ssl=1 832w, https:\/\/i0.wp.com\/apiyaute.fr\/wp-content\/uploads\/2023\/10\/miel-pollen-colore.png?resize=300%2C273&amp;ssl=1 300w, https:\/\/i0.wp.com\/apiyaute.fr\/wp-content\/uploads\/2023\/10\/miel-pollen-colore.png?resize=768%2C700&amp;ssl=1 768w, https:\/\/i0.wp.com\/apiyaute.fr\/wp-content\/uploads\/2023\/10\/miel-pollen-colore.png?resize=600%2C547&amp;ssl=1 600w\" sizes=\"auto, (max-width: 832px) 100vw, 832px\" \/><\/figure>\n<\/div>\n\n\n<p class=\"has-text-align-justify has-text-color has-link-color wp-elements-4f0424ab19da91e1713479d36bd417ae\" style=\"color:#008000\">La consommation de pollen apporte <strong>\u00e9nergie et vitalit\u00e9<\/strong>. Il est donc <strong>conseill\u00e9 en cas de fatigue<\/strong>. Id\u00e9alement consomm\u00e9 pur et frais \u00e0 raison d\u2019une cuill\u00e8re \u00e0 soupe par jour.<\/p>\n\n\n\n<p class=\"has-text-align-justify has-text-color has-link-color wp-elements-75dfa440a247a599c62a01a0fc846923\" style=\"color:#008000\">Associ\u00e9 au miel, principalement compos\u00e9 de sucres, il vient compl\u00e9ter le profil nutritionnel et agit en <strong>synergie avec les propri\u00e9t\u00e9s th\u00e9rapeutiques du miel<\/strong>. <a href=\"https:\/\/apiyaute.fr\/index.php\/produit\/miel-avec-10-de-pollen-125-g\/\" data-type=\"product\" data-id=\"347\">Miel avec 10% de pollen (voir boutique)<\/a><\/p>\n\n\n\n<p class=\"has-text-align-justify has-text-color has-link-color wp-elements-cbfd8c9aa662261c0cd7175c934e60db\" style=\"color:#008000\">La seule contre-indication connue est le <strong>risque allergique<\/strong>. D\u2019autant plus pour les personnes sensibles aux pollens port\u00e9s par le vent, se traduisant notamment par le traditionnel rhume des foins. La consommation de pollen n\u2019est donc <strong>pas conseill\u00e9e aux allergiques <\/strong>aux produits de la ruche ou aux pollens de fa\u00e7on g\u00e9n\u00e9rale.<\/p>\n","protected":false},"excerpt":{"rendered":"<p>Qu&rsquo;est-ce que le pollen ? Le pollen est un \u00e9l\u00e9ment essentiel de la reproduction des plantes \u00e0 fleur et qui est \u00e0 l&rsquo;origine de nombreux bienfaits. Le pollen est constitu\u00e9 de minuscules grains produits par l\u2019organe m\u00e2le des plantes \u00e0 fleurs. Ces grains sont vou\u00e9s \u00e0 assurer la f\u00e9condation des organes femelles des fleurs. Lorsque [&hellip;]<\/p>\n","protected":false},"author":1,"featured_media":0,"parent":0,"menu_order":0,"comment_status":"closed","ping_status":"closed","template":"","meta":{"ocean_post_layout":"","ocean_both_sidebars_style":"","ocean_both_sidebars_content_width":0,"ocean_both_sidebars_sidebars_width":0,"ocean_sidebar":"","ocean_second_sidebar":"","ocean_disable_margins":"enable","ocean_add_body_class":"","ocean_shortcode_before_top_bar":"","ocean_shortcode_after_top_bar":"","ocean_shortcode_before_header":"","ocean_shortcode_after_header":"","ocean_has_shortcode":"","ocean_shortcode_after_title":"","ocean_shortcode_before_footer_widgets":"","ocean_shortcode_after_footer_widgets":"","ocean_shortcode_before_footer_bottom":"","ocean_shortcode_after_footer_bottom":"","ocean_display_top_bar":"default","ocean_display_header":"default","ocean_header_style":"","ocean_center_header_left_menu":"","ocean_custom_header_template":"","ocean_custom_logo":0,"ocean_custom_retina_logo":0,"ocean_custom_logo_max_width":0,"ocean_custom_logo_tablet_max_width":0,"ocean_custom_logo_mobile_max_width":0,"ocean_custom_logo_max_height":0,"ocean_custom_logo_tablet_max_height":0,"ocean_custom_logo_mobile_max_height":0,"ocean_header_custom_menu":"","ocean_menu_typo_font_family":"","ocean_menu_typo_font_subset":"","ocean_menu_typo_font_size":0,"ocean_menu_typo_font_size_tablet":0,"ocean_menu_typo_font_size_mobile":0,"ocean_menu_typo_font_size_unit":"px","ocean_menu_typo_font_weight":"","ocean_menu_typo_font_weight_tablet":"","ocean_menu_typo_font_weight_mobile":"","ocean_menu_typo_transform":"","ocean_menu_typo_transform_tablet":"","ocean_menu_typo_transform_mobile":"","ocean_menu_typo_line_height":0,"ocean_menu_typo_line_height_tablet":0,"ocean_menu_typo_line_height_mobile":0,"ocean_menu_typo_line_height_unit":"","ocean_menu_typo_spacing":0,"ocean_menu_typo_spacing_tablet":0,"ocean_menu_typo_spacing_mobile":0,"ocean_menu_typo_spacing_unit":"","ocean_menu_link_color":"","ocean_menu_link_color_hover":"","ocean_menu_link_color_active":"","ocean_menu_link_background":"","ocean_menu_link_hover_background":"","ocean_menu_link_active_background":"","ocean_menu_social_links_bg":"","ocean_menu_social_hover_links_bg":"","ocean_menu_social_links_color":"","ocean_menu_social_hover_links_color":"","ocean_disable_title":"default","ocean_disable_heading":"default","ocean_post_title":"","ocean_post_subheading":"","ocean_post_title_style":"","ocean_post_title_background_color":"","ocean_post_title_background":0,"ocean_post_title_bg_image_position":"","ocean_post_title_bg_image_attachment":"","ocean_post_title_bg_image_repeat":"","ocean_post_title_bg_image_size":"","ocean_post_title_height":0,"ocean_post_title_bg_overlay":0.5,"ocean_post_title_bg_overlay_color":"","ocean_disable_breadcrumbs":"default","ocean_breadcrumbs_color":"","ocean_breadcrumbs_separator_color":"","ocean_breadcrumbs_links_color":"","ocean_breadcrumbs_links_hover_color":"","ocean_display_footer_widgets":"default","ocean_display_footer_bottom":"default","ocean_custom_footer_template":"","jetpack_post_was_ever_published":false,"footnotes":""},"class_list":["post-413","page","type-page","status-publish","hentry","entry","owp-thumbs-layout-horizontal","owp-btn-big","owp-tabs-layout-horizontal","has-no-thumbnails","has-product-nav"],"jetpack_sharing_enabled":true,"_links":{"self":[{"href":"https:\/\/apiyaute.fr\/index.php\/wp-json\/wp\/v2\/pages\/413","targetHints":{"allow":["GET"]}}],"collection":[{"href":"https:\/\/apiyaute.fr\/index.php\/wp-json\/wp\/v2\/pages"}],"about":[{"href":"https:\/\/apiyaute.fr\/index.php\/wp-json\/wp\/v2\/types\/page"}],"author":[{"embeddable":true,"href":"https:\/\/apiyaute.fr\/index.php\/wp-json\/wp\/v2\/users\/1"}],"replies":[{"embeddable":true,"href":"https:\/\/apiyaute.fr\/index.php\/wp-json\/wp\/v2\/comments?post=413"}],"version-history":[{"count":4,"href":"https:\/\/apiyaute.fr\/index.php\/wp-json\/wp\/v2\/pages\/413\/revisions"}],"predecessor-version":[{"id":525,"href":"https:\/\/apiyaute.fr\/index.php\/wp-json\/wp\/v2\/pages\/413\/revisions\/525"}],"wp:attachment":[{"href":"https:\/\/apiyaute.fr\/index.php\/wp-json\/wp\/v2\/media?parent=413"}],"curies":[{"name":"wp","href":"https:\/\/api.w.org\/{rel}","templated":true}]}}