{"id":1540,"date":"2025-11-16T16:58:52","date_gmt":"2025-11-16T15:58:52","guid":{"rendered":"https:\/\/apiyaute.fr\/?post_type=product&#038;p=1540"},"modified":"2025-11-16T16:58:53","modified_gmt":"2025-11-16T15:58:53","slug":"fleurs-de-millepertuis-recoltees-en-montagne","status":"publish","type":"product","link":"https:\/\/apiyaute.fr\/index.php\/produit\/fleurs-de-millepertuis-recoltees-en-montagne\/","title":{"rendered":"Fleurs de millepertuis r\u00e9colt\u00e9es en montagne"},"content":{"rendered":"<p><span style=\"color: #800000;\"><strong>Millepertuis r\u00e9colt\u00e9 en montagne (<em>Hypericum perforatum L.<\/em>)<\/strong><\/span><\/p>\n<p><img data-recalc-dims=\"1\" loading=\"lazy\" decoding=\"async\" class=\"alignright wp-image-1543\" src=\"https:\/\/i0.wp.com\/apiyaute.fr\/wp-content\/uploads\/2025\/11\/20250714_145927.jpg?resize=276%2C188\" alt=\"Abeille sur fleurs de millepertuis Fleurs de millepertuis r\u00e9colt\u00e9es au rucher de montagne. Cueillies \u00e0 la main. Uniquement les fleurs sans tiges ni feuilles.\" width=\"276\" height=\"188\" srcset=\"https:\/\/i0.wp.com\/apiyaute.fr\/wp-content\/uploads\/2025\/11\/20250714_145927-scaled.jpg?resize=300%2C204&amp;ssl=1 300w, https:\/\/i0.wp.com\/apiyaute.fr\/wp-content\/uploads\/2025\/11\/20250714_145927-scaled.jpg?resize=1024%2C695&amp;ssl=1 1024w, https:\/\/i0.wp.com\/apiyaute.fr\/wp-content\/uploads\/2025\/11\/20250714_145927-scaled.jpg?resize=768%2C521&amp;ssl=1 768w, https:\/\/i0.wp.com\/apiyaute.fr\/wp-content\/uploads\/2025\/11\/20250714_145927-scaled.jpg?resize=1536%2C1043&amp;ssl=1 1536w, https:\/\/i0.wp.com\/apiyaute.fr\/wp-content\/uploads\/2025\/11\/20250714_145927-scaled.jpg?resize=2048%2C1391&amp;ssl=1 2048w, https:\/\/i0.wp.com\/apiyaute.fr\/wp-content\/uploads\/2025\/11\/20250714_145927-scaled.jpg?resize=600%2C407&amp;ssl=1 600w, https:\/\/i0.wp.com\/apiyaute.fr\/wp-content\/uploads\/2025\/11\/20250714_145927-scaled.jpg?w=2400 2400w\" sizes=\"auto, (max-width: 276px) 100vw, 276px\" \/><\/p>\n<p>Fleurs r\u00e9colt\u00e9es au rucher de montagne en Haute Savoie !<\/p>\n<p><span style=\"color: #800000;\"><strong>Uniquement des fleurs<\/strong><\/span> r\u00e9colt\u00e9es avec douceur, une \u00e0 une, <span style=\"color: #800000;\"><strong>\u00e0 la main<\/strong>, <strong>sans tiges ni feuilles<\/strong><\/span> dans notre environnement pr\u00e9serv\u00e9 d&rsquo;alpage et de for\u00eat en montagne.<\/p>\n<p>Elles ont ensuite \u00e9t\u00e9 s\u00e9ch\u00e9es lentement \u00e0 basse temp\u00e9rature au d\u00e9shydrateur.<\/p>\n<p>Des fleurs s\u00e9ch\u00e9es de qualit\u00e9 pour toutes vos envies de fabrication maison.<\/p>\n<p>Sachet de 50 grammes.<\/p>\n","protected":false},"excerpt":{"rendered":"<p>Fleurs de <strong><span style=\"color: #008000;\">Millepertuis<\/span> <\/strong>(<em>Hypericum perforatum L.<\/em>) r\u00e9colt\u00e9es au rucher de montagne en Haute Savoie !<\/p>\n<p>Uniquement des fleurs<span style=\"color: #008000;\"><strong> r\u00e9colt\u00e9es une \u00e0 une \u00e0 la main<\/strong><\/span>, <strong>sans tiges ni feuilles<\/strong> dans notre environnement pr\u00e9serv\u00e9 d&rsquo;alpage et de for\u00eat en montagne.<\/p>\n","protected":false},"featured_media":1545,"comment_status":"closed","ping_status":"closed","template":"","meta":{"ocean_post_layout":"","ocean_both_sidebars_style":"","ocean_both_sidebars_content_width":0,"ocean_both_sidebars_sidebars_width":0,"ocean_sidebar":"0","ocean_second_sidebar":"0","ocean_disable_margins":"enable","ocean_add_body_class":"","ocean_shortcode_before_top_bar":"","ocean_shortcode_after_top_bar":"","ocean_shortcode_before_header":"","ocean_shortcode_after_header":"","ocean_has_shortcode":"","ocean_shortcode_after_title":"","ocean_shortcode_before_footer_widgets":"","ocean_shortcode_after_footer_widgets":"","ocean_shortcode_before_footer_bottom":"","ocean_shortcode_after_footer_bottom":"","ocean_display_top_bar":"default","ocean_display_header":"default","ocean_header_style":"","ocean_center_header_left_menu":"0","ocean_custom_header_template":"0","ocean_custom_logo":0,"ocean_custom_retina_logo":0,"ocean_custom_logo_max_width":0,"ocean_custom_logo_tablet_max_width":0,"ocean_custom_logo_mobile_max_width":0,"ocean_custom_logo_max_height":0,"ocean_custom_logo_tablet_max_height":0,"ocean_custom_logo_mobile_max_height":0,"ocean_header_custom_menu":"0","ocean_menu_typo_font_family":"0","ocean_menu_typo_font_subset":"","ocean_menu_typo_font_size":0,"ocean_menu_typo_font_size_tablet":0,"ocean_menu_typo_font_size_mobile":0,"ocean_menu_typo_font_size_unit":"px","ocean_menu_typo_font_weight":"","ocean_menu_typo_font_weight_tablet":"","ocean_menu_typo_font_weight_mobile":"","ocean_menu_typo_transform":"","ocean_menu_typo_transform_tablet":"","ocean_menu_typo_transform_mobile":"","ocean_menu_typo_line_height":0,"ocean_menu_typo_line_height_tablet":0,"ocean_menu_typo_line_height_mobile":0,"ocean_menu_typo_line_height_unit":"","ocean_menu_typo_spacing":0,"ocean_menu_typo_spacing_tablet":0,"ocean_menu_typo_spacing_mobile":0,"ocean_menu_typo_spacing_unit":"","ocean_menu_link_color":"","ocean_menu_link_color_hover":"","ocean_menu_link_color_active":"","ocean_menu_link_background":"","ocean_menu_link_hover_background":"","ocean_menu_link_active_background":"","ocean_menu_social_links_bg":"","ocean_menu_social_hover_links_bg":"","ocean_menu_social_links_color":"","ocean_menu_social_hover_links_color":"","ocean_disable_title":"default","ocean_disable_heading":"default","ocean_post_title":"","ocean_post_subheading":"","ocean_post_title_style":"","ocean_post_title_background_color":"","ocean_post_title_background":0,"ocean_post_title_bg_image_position":"","ocean_post_title_bg_image_attachment":"","ocean_post_title_bg_image_repeat":"","ocean_post_title_bg_image_size":"","ocean_post_title_height":0,"ocean_post_title_bg_overlay":0.5,"ocean_post_title_bg_overlay_color":"","ocean_disable_breadcrumbs":"default","ocean_breadcrumbs_color":"","ocean_breadcrumbs_separator_color":"","ocean_breadcrumbs_links_color":"","ocean_breadcrumbs_links_hover_color":"","ocean_display_footer_widgets":"default","ocean_display_footer_bottom":"default","ocean_custom_footer_template":"0","jetpack_post_was_ever_published":false},"product_brand":[],"product_cat":[20],"product_tag":[],"class_list":{"0":"post-1540","1":"product","2":"type-product","3":"status-publish","4":"has-post-thumbnail","6":"product_cat-non-classe","8":"entry","9":"has-media","11":"first","12":"instock","13":"taxable","14":"shipping-taxable","15":"purchasable","16":"product-type-simple","17":"has-product-nav","18":"col","19":"span_1_of_3","20":"owp-content-center","21":"owp-thumbs-layout-horizontal","22":"owp-btn-big","23":"owp-tabs-layout-horizontal"},"jetpack_sharing_enabled":true,"_links":{"self":[{"href":"https:\/\/apiyaute.fr\/index.php\/wp-json\/wp\/v2\/product\/1540","targetHints":{"allow":["GET"]}}],"collection":[{"href":"https:\/\/apiyaute.fr\/index.php\/wp-json\/wp\/v2\/product"}],"about":[{"href":"https:\/\/apiyaute.fr\/index.php\/wp-json\/wp\/v2\/types\/product"}],"replies":[{"embeddable":true,"href":"https:\/\/apiyaute.fr\/index.php\/wp-json\/wp\/v2\/comments?post=1540"}],"wp:featuredmedia":[{"embeddable":true,"href":"https:\/\/apiyaute.fr\/index.php\/wp-json\/wp\/v2\/media\/1545"}],"wp:attachment":[{"href":"https:\/\/apiyaute.fr\/index.php\/wp-json\/wp\/v2\/media?parent=1540"}],"wp:term":[{"taxonomy":"product_brand","embeddable":true,"href":"https:\/\/apiyaute.fr\/index.php\/wp-json\/wp\/v2\/product_brand?post=1540"},{"taxonomy":"product_cat","embeddable":true,"href":"https:\/\/apiyaute.fr\/index.php\/wp-json\/wp\/v2\/product_cat?post=1540"},{"taxonomy":"product_tag","embeddable":true,"href":"https:\/\/apiyaute.fr\/index.php\/wp-json\/wp\/v2\/product_tag?post=1540"}],"curies":[{"name":"wp","href":"https:\/\/api.w.org\/{rel}","templated":true}]}}