{"id":1593,"date":"2025-11-24T11:21:45","date_gmt":"2025-11-24T10:21:45","guid":{"rendered":"https:\/\/apiyaute.fr\/?post_type=product&#038;p=1593"},"modified":"2025-11-27T10:03:44","modified_gmt":"2025-11-27T09:03:44","slug":"bonbons-miel-et-propolis-de-montagne","status":"publish","type":"product","link":"https:\/\/apiyaute.fr\/index.php\/produit\/bonbons-miel-et-propolis-de-montagne\/","title":{"rendered":"Bonbons au miel et Propolis de montagne"},"content":{"rendered":"<p><strong><img data-recalc-dims=\"1\" loading=\"lazy\" decoding=\"async\" class=\"size-thumbnail wp-image-1594 alignright\" src=\"https:\/\/i0.wp.com\/apiyaute.fr\/wp-content\/uploads\/2025\/11\/abeille-propolis.jpg?resize=150%2C150\" alt=\"Abeille qui ram\u00e8ne de la r\u00e9sine v\u00e9g\u00e9tale \u00e0 la ruche qu'elle transformera en propolis rouge\" width=\"150\" height=\"150\" srcset=\"https:\/\/i0.wp.com\/apiyaute.fr\/wp-content\/uploads\/2025\/11\/abeille-propolis.jpg?resize=150%2C150&amp;ssl=1 150w, https:\/\/i0.wp.com\/apiyaute.fr\/wp-content\/uploads\/2025\/11\/abeille-propolis.jpg?resize=300%2C300&amp;ssl=1 300w, https:\/\/i0.wp.com\/apiyaute.fr\/wp-content\/uploads\/2025\/11\/abeille-propolis.jpg?resize=100%2C100&amp;ssl=1 100w, https:\/\/i0.wp.com\/apiyaute.fr\/wp-content\/uploads\/2025\/11\/abeille-propolis.jpg?zoom=3&amp;resize=150%2C150 450w\" sizes=\"auto, (max-width: 150px) 100vw, 150px\" \/><span style=\"color: #800000;\">Bonbons au miel et \u00e0 la propolis 100% Montagne !<\/span><\/strong><\/p>\n<p>Laissez votre gourmandise prendre soin de votre sant\u00e9 !<\/p>\n<p>Les vertus du miel et les bienfaits de la propolis pour la sant\u00e9 vont <span style=\"color: #800000;\">adoucir votre gorge<\/span> et naturellement aider \u00e0 d\u00e9sencombrer les <span style=\"color: #800000;\">voies respiratoires<\/span>.<\/p>\n<p>Les propri\u00e9t\u00e9s <span style=\"color: #800000;\">antiseptiques<\/span> et <span style=\"color: #800000;\">anti-inflammatoire<\/span> de la propolis et du miel vont vous aider \u00e0 combattre maux de gorge et autres signes de refroidissement.<\/p>\n<p>Production artisanale \u00e0 la main par l&rsquo;apicultrice dans son laboratoire dans le plus grand respect des normes d&rsquo;hygi\u00e8ne et de fabrication.<\/p>\n<p>Format avec emballage <strong>l\u00e9ger<\/strong> pour offrir ou se faire un petit plaisir.<\/p>\n<p>Conditionn\u00e9 par <strong>60 g<\/strong> en sachet refermable<\/p>\n<p>Sans additifs, ni colorants ni ar\u00f4mes. Du bon <a href=\"https:\/\/apiyaute.fr\/index.php\/produit\/miel-de-haute-montagne-100-francais-125-g\/\">miel de montagne<\/a>, <span style=\"color: #800000;\">de la propolis de mes ruches<\/span>, du sucre, de l&rsquo;eau et c&rsquo;est tout !<\/p>\n","protected":false},"excerpt":{"rendered":"<p><span style=\"color: #800000;\"><strong>Bonbons au miel et propolis 100% Montagne de Haute Savoie<\/strong><\/span><\/p>\n<p>Douceur naturelle avec les bienfaits de la <span style=\"color: #800000;\">propolis<\/span> et du <span style=\"color: #800000;\">miel<\/span> pour la gorge et les voies respiratoires.<\/p>\n<p>C&rsquo;est mignon, c&rsquo;est bon pour la sant\u00e9, une douceur \u00e0 offrir ou pour se faire plaisir !<\/p>\n<p><strong>60 g<\/strong> pour prendre soin de soi avec gourmandise<\/p>\n<p>&nbsp;<\/p>\n<p style=\"text-align: right;\">\n","protected":false},"featured_media":1595,"comment_status":"closed","ping_status":"closed","template":"","meta":{"ocean_post_layout":"","ocean_both_sidebars_style":"","ocean_both_sidebars_content_width":0,"ocean_both_sidebars_sidebars_width":0,"ocean_sidebar":"0","ocean_second_sidebar":"0","ocean_disable_margins":"enable","ocean_add_body_class":"","ocean_shortcode_before_top_bar":"","ocean_shortcode_after_top_bar":"","ocean_shortcode_before_header":"","ocean_shortcode_after_header":"","ocean_has_shortcode":"","ocean_shortcode_after_title":"","ocean_shortcode_before_footer_widgets":"","ocean_shortcode_after_footer_widgets":"","ocean_shortcode_before_footer_bottom":"","ocean_shortcode_after_footer_bottom":"","ocean_display_top_bar":"default","ocean_display_header":"default","ocean_header_style":"","ocean_center_header_left_menu":"0","ocean_custom_header_template":"0","ocean_custom_logo":0,"ocean_custom_retina_logo":0,"ocean_custom_logo_max_width":0,"ocean_custom_logo_tablet_max_width":0,"ocean_custom_logo_mobile_max_width":0,"ocean_custom_logo_max_height":0,"ocean_custom_logo_tablet_max_height":0,"ocean_custom_logo_mobile_max_height":0,"ocean_header_custom_menu":"0","ocean_menu_typo_font_family":"0","ocean_menu_typo_font_subset":"","ocean_menu_typo_font_size":0,"ocean_menu_typo_font_size_tablet":0,"ocean_menu_typo_font_size_mobile":0,"ocean_menu_typo_font_size_unit":"px","ocean_menu_typo_font_weight":"","ocean_menu_typo_font_weight_tablet":"","ocean_menu_typo_font_weight_mobile":"","ocean_menu_typo_transform":"","ocean_menu_typo_transform_tablet":"","ocean_menu_typo_transform_mobile":"","ocean_menu_typo_line_height":0,"ocean_menu_typo_line_height_tablet":0,"ocean_menu_typo_line_height_mobile":0,"ocean_menu_typo_line_height_unit":"","ocean_menu_typo_spacing":0,"ocean_menu_typo_spacing_tablet":0,"ocean_menu_typo_spacing_mobile":0,"ocean_menu_typo_spacing_unit":"","ocean_menu_link_color":"","ocean_menu_link_color_hover":"","ocean_menu_link_color_active":"","ocean_menu_link_background":"","ocean_menu_link_hover_background":"","ocean_menu_link_active_background":"","ocean_menu_social_links_bg":"","ocean_menu_social_hover_links_bg":"","ocean_menu_social_links_color":"","ocean_menu_social_hover_links_color":"","ocean_disable_title":"default","ocean_disable_heading":"default","ocean_post_title":"","ocean_post_subheading":"","ocean_post_title_style":"","ocean_post_title_background_color":"","ocean_post_title_background":0,"ocean_post_title_bg_image_position":"","ocean_post_title_bg_image_attachment":"","ocean_post_title_bg_image_repeat":"","ocean_post_title_bg_image_size":"","ocean_post_title_height":0,"ocean_post_title_bg_overlay":0.5,"ocean_post_title_bg_overlay_color":"","ocean_disable_breadcrumbs":"default","ocean_breadcrumbs_color":"","ocean_breadcrumbs_separator_color":"","ocean_breadcrumbs_links_color":"","ocean_breadcrumbs_links_hover_color":"","ocean_display_footer_widgets":"default","ocean_display_footer_bottom":"default","ocean_custom_footer_template":"0","jetpack_post_was_ever_published":false},"product_brand":[],"product_cat":[21,23,24,29,22],"product_tag":[],"class_list":{"0":"post-1593","1":"product","2":"type-product","3":"status-publish","4":"has-post-thumbnail","6":"product_cat-aliment-bien-etre","7":"product_cat-apiculture","8":"product_cat-apitherapie","9":"product_cat-miel-de-montagne-100","10":"product_cat-sante","11":"product_shipping_class-non-frais","13":"entry","14":"has-media","16":"first","17":"instock","18":"taxable","19":"shipping-taxable","20":"purchasable","21":"product-type-simple","22":"has-product-nav","23":"col","24":"span_1_of_3","25":"owp-content-center","26":"owp-thumbs-layout-horizontal","27":"owp-btn-big","28":"owp-tabs-layout-horizontal","29":"has-no-thumbnails"},"jetpack_sharing_enabled":true,"_links":{"self":[{"href":"https:\/\/apiyaute.fr\/index.php\/wp-json\/wp\/v2\/product\/1593","targetHints":{"allow":["GET"]}}],"collection":[{"href":"https:\/\/apiyaute.fr\/index.php\/wp-json\/wp\/v2\/product"}],"about":[{"href":"https:\/\/apiyaute.fr\/index.php\/wp-json\/wp\/v2\/types\/product"}],"replies":[{"embeddable":true,"href":"https:\/\/apiyaute.fr\/index.php\/wp-json\/wp\/v2\/comments?post=1593"}],"wp:featuredmedia":[{"embeddable":true,"href":"https:\/\/apiyaute.fr\/index.php\/wp-json\/wp\/v2\/media\/1595"}],"wp:attachment":[{"href":"https:\/\/apiyaute.fr\/index.php\/wp-json\/wp\/v2\/media?parent=1593"}],"wp:term":[{"taxonomy":"product_brand","embeddable":true,"href":"https:\/\/apiyaute.fr\/index.php\/wp-json\/wp\/v2\/product_brand?post=1593"},{"taxonomy":"product_cat","embeddable":true,"href":"https:\/\/apiyaute.fr\/index.php\/wp-json\/wp\/v2\/product_cat?post=1593"},{"taxonomy":"product_tag","embeddable":true,"href":"https:\/\/apiyaute.fr\/index.php\/wp-json\/wp\/v2\/product_tag?post=1593"}],"curies":[{"name":"wp","href":"https:\/\/api.w.org\/{rel}","templated":true}]}}