{"id":310,"date":"2023-10-24T09:41:46","date_gmt":"2023-10-24T07:41:46","guid":{"rendered":"https:\/\/apiyaute.fr\/?post_type=product&#038;p=310"},"modified":"2026-03-16T11:56:20","modified_gmt":"2026-03-16T10:56:20","slug":"miel-propolis-125-g","status":"publish","type":"product","link":"https:\/\/apiyaute.fr\/index.php\/produit\/miel-propolis-125-g\/","title":{"rendered":"Miel \u00e0 la propolis (2%) &#8211; 125 g"},"content":{"rendered":"<p>Un combin\u00e9 hyper-boost\u00e9, <span style=\"color: #800000;\">miel<\/span> et propolis ! <span style=\"color: #800000;\"><strong>Le tout 100% r\u00e9colt\u00e9 dans la montagne en Haute-Savoie !<\/strong><\/span><\/p>\n<p>La <span style=\"color: #008000;\"><strong>propolis<\/strong> <\/span>est une substance r\u00e9sineuse produite par les abeilles \u00e0 partir de diff\u00e9rents v\u00e9g\u00e9taux, notamment les bourgeons et l&rsquo;\u00e9corce de certains arbres comme les peupliers, les conif\u00e8res, les bouleaux et les ch\u00eanes. Elles y ajoutent leurs propres s\u00e9cr\u00e9tions salivaires et de la cire pour cr\u00e9er un m\u00e9lange. Son nom vient du grec \u00ab\u00a0propolis\u00a0\u00bb, qui signifie \u00ab\u00a0devant la cit\u00e9\u00a0\u00bb, soulignant son r\u00f4le de bouclier pour la ruche.<\/p>\n<p>La <span style=\"color: #008000;\"><strong>composition<\/strong> <\/span>de la propolis est complexe et varie en fonction des sources v\u00e9g\u00e9tales utilis\u00e9es par les abeilles. On y trouve principalement :\u00a0<b>R\u00e9sines et baumes<\/b> (environ 50 %), riches en flavono\u00efdes, esters et acides ph\u00e9noliques. <b>Cire<\/b> (30 \u00e0 40 %). <b>Huiles essentielles<\/b> (5 \u00e0 10 %). <b>Pollen<\/b> (5 %). D&rsquo;autres substances comme des <strong>vitamines<\/strong> (A, C, PP) et des <strong>oligo-\u00e9l\u00e9ments<\/strong>.<\/p>\n<p>Dans la ruche, la propolis est un \u00e9l\u00e9ment essentiel \u00e0 la survie de la colonie. Les abeilles l&rsquo;utilisent comme un v\u00e9ritable \u00ab\u00a0ciment\u00a0\u00bb et \u00ab\u00a0d\u00e9sinfectant\u00a0\u00bb naturel pour <b>colmater les fissures et les trous<\/b> et maintenir l&rsquo;\u00e9tanch\u00e9it\u00e9 et l&rsquo;isolation thermique ainsi qu&rsquo;<b>assainir la ruche.<\/b><\/p>\n<h3>Les bienfaits de la propolis pour la sant\u00e9<\/h3>\n<p>Gr\u00e2ce \u00e0 sa composition <strong><span style=\"color: #008000;\">riche en compos\u00e9s actifs<\/span><\/strong>, la propolis est <span style=\"color: #008000;\"><strong>utilis\u00e9e en apith\u00e9rapie depuis des mill\u00e9naires<\/strong><\/span>. On lui pr\u00eate de nombreux bienfaits pour la sant\u00e9, notamment :<\/p>\n<ul>\n<li><span style=\"color: #008000;\"><b>Soutien du syst\u00e8me immunitaire<\/b><\/span> : Elle est reconnue pour ses propri\u00e9t\u00e9s anti-infectieuses (antivirales, antibact\u00e9riennes, antifongiques), qui aident \u00e0 renforcer les d\u00e9fenses naturelles de l&rsquo;organisme, notamment lors des changements de saison. Elle est souvent utilis\u00e9e en cure pr\u00e9ventive ou pour accompagner le traitement des infections ORL et des voies respiratoires (rhume, angine, bronchite).<\/li>\n<li><span style=\"color: #008000;\"><b>Hygi\u00e8ne bucco-dentaire<\/b><\/span> : Son action antimicrobienne en fait un alli\u00e9 pr\u00e9cieux pour la bouche. Elle peut aider \u00e0 pr\u00e9venir et soulager divers probl\u00e8mes comme les aphtes, les gingivites, les inflammations des gencives et les maux de gorge.<\/li>\n<li><span style=\"color: #008000;\"><b>Soins de la peau<\/b><\/span> : En usage externe, la propolis est appr\u00e9ci\u00e9e pour ses vertus purifiantes, cicatrisantes et apaisantes. Elle est utilis\u00e9e pour traiter les petites plaies, les br\u00fblures l\u00e9g\u00e8res, l&rsquo;acn\u00e9, l&rsquo;ecz\u00e9ma et d&rsquo;autres affections cutan\u00e9es. Elle favorise la r\u00e9g\u00e9n\u00e9ration des tissus et contribue \u00e0 l&rsquo;assainissement de la peau.<\/li>\n<li><span style=\"color: #008000;\"><b>Action antioxydante<\/b><\/span> : Riche en flavono\u00efdes et polyph\u00e9nols, la propolis aide \u00e0 lutter contre le stress oxydatif, responsable du vieillissement cellulaire.<\/li>\n<li><span style=\"color: #008000;\"><b>Soulagement digestif<\/b><\/span> : Elle peut \u00eatre utilis\u00e9e pour apaiser certains troubles gastro-intestinaux et aider \u00e0 maintenir l&rsquo;\u00e9quilibre de la flore microbienne.<\/li>\n<\/ul>\n<p><span style=\"color: #008000;\"><strong>Associ\u00e9e \u00e0 la puissance du <a style=\"color: #008000;\" href=\"https:\/\/apiyaute.fr\/index.php\/produit\/miel-de-haute-montagne-100-francais-125-g\/\">miel de montagne<\/a>, voil\u00e0 de quoi redonner du tonus \u00e0 votre organisme !<\/strong><\/span><\/p>\n<p>&nbsp;<\/p>\n","protected":false},"excerpt":{"rendered":"<h2>Un combin\u00e9 hyper-boost\u00e9, <span style=\"color: #800000;\">miel<\/span> et <span style=\"color: #339966;\">propolis <\/span>! <span style=\"color: #800000;\"><strong>Le tout 100% r\u00e9colt\u00e9 en Haute-Savoie !<\/strong><\/span><\/h2>\n","protected":false},"featured_media":1417,"comment_status":"closed","ping_status":"closed","template":"","meta":{"ocean_post_layout":"","ocean_both_sidebars_style":"","ocean_both_sidebars_content_width":0,"ocean_both_sidebars_sidebars_width":0,"ocean_sidebar":"0","ocean_second_sidebar":"0","ocean_disable_margins":"enable","ocean_add_body_class":"","ocean_shortcode_before_top_bar":"","ocean_shortcode_after_top_bar":"","ocean_shortcode_before_header":"","ocean_shortcode_after_header":"","ocean_has_shortcode":"","ocean_shortcode_after_title":"","ocean_shortcode_before_footer_widgets":"","ocean_shortcode_after_footer_widgets":"","ocean_shortcode_before_footer_bottom":"","ocean_shortcode_after_footer_bottom":"","ocean_display_top_bar":"default","ocean_display_header":"default","ocean_header_style":"","ocean_center_header_left_menu":"0","ocean_custom_header_template":"0","ocean_custom_logo":0,"ocean_custom_retina_logo":0,"ocean_custom_logo_max_width":0,"ocean_custom_logo_tablet_max_width":0,"ocean_custom_logo_mobile_max_width":0,"ocean_custom_logo_max_height":0,"ocean_custom_logo_tablet_max_height":0,"ocean_custom_logo_mobile_max_height":0,"ocean_header_custom_menu":"0","ocean_menu_typo_font_family":"0","ocean_menu_typo_font_subset":"","ocean_menu_typo_font_size":0,"ocean_menu_typo_font_size_tablet":0,"ocean_menu_typo_font_size_mobile":0,"ocean_menu_typo_font_size_unit":"px","ocean_menu_typo_font_weight":"","ocean_menu_typo_font_weight_tablet":"","ocean_menu_typo_font_weight_mobile":"","ocean_menu_typo_transform":"","ocean_menu_typo_transform_tablet":"","ocean_menu_typo_transform_mobile":"","ocean_menu_typo_line_height":0,"ocean_menu_typo_line_height_tablet":0,"ocean_menu_typo_line_height_mobile":0,"ocean_menu_typo_line_height_unit":"","ocean_menu_typo_spacing":0,"ocean_menu_typo_spacing_tablet":0,"ocean_menu_typo_spacing_mobile":0,"ocean_menu_typo_spacing_unit":"","ocean_menu_link_color":"","ocean_menu_link_color_hover":"","ocean_menu_link_color_active":"","ocean_menu_link_background":"","ocean_menu_link_hover_background":"","ocean_menu_link_active_background":"","ocean_menu_social_links_bg":"","ocean_menu_social_hover_links_bg":"","ocean_menu_social_links_color":"","ocean_menu_social_hover_links_color":"","ocean_disable_title":"default","ocean_disable_heading":"default","ocean_post_title":"","ocean_post_subheading":"","ocean_post_title_style":"","ocean_post_title_background_color":"","ocean_post_title_background":0,"ocean_post_title_bg_image_position":"","ocean_post_title_bg_image_attachment":"","ocean_post_title_bg_image_repeat":"","ocean_post_title_bg_image_size":"","ocean_post_title_height":0,"ocean_post_title_bg_overlay":0.5,"ocean_post_title_bg_overlay_color":"","ocean_disable_breadcrumbs":"default","ocean_breadcrumbs_color":"","ocean_breadcrumbs_separator_color":"","ocean_breadcrumbs_links_color":"","ocean_breadcrumbs_links_hover_color":"","ocean_display_footer_widgets":"default","ocean_display_footer_bottom":"default","ocean_custom_footer_template":"0","jetpack_post_was_ever_published":false},"product_brand":[],"product_cat":[21,23,24,29,22],"product_tag":[],"class_list":{"0":"post-310","1":"product","2":"type-product","3":"status-publish","4":"has-post-thumbnail","6":"product_cat-aliment-bien-etre","7":"product_cat-apiculture","8":"product_cat-apitherapie","9":"product_cat-miel-de-montagne-100","10":"product_cat-sante","11":"product_shipping_class-non-frais","13":"entry","14":"has-media","16":"first","17":"instock","18":"taxable","19":"shipping-taxable","20":"purchasable","21":"product-type-simple","22":"has-product-nav","23":"col","24":"span_1_of_3","25":"owp-content-center","26":"owp-thumbs-layout-horizontal","27":"owp-btn-big","28":"owp-tabs-layout-horizontal","29":"has-no-thumbnails"},"jetpack_sharing_enabled":true,"_links":{"self":[{"href":"https:\/\/apiyaute.fr\/index.php\/wp-json\/wp\/v2\/product\/310","targetHints":{"allow":["GET"]}}],"collection":[{"href":"https:\/\/apiyaute.fr\/index.php\/wp-json\/wp\/v2\/product"}],"about":[{"href":"https:\/\/apiyaute.fr\/index.php\/wp-json\/wp\/v2\/types\/product"}],"replies":[{"embeddable":true,"href":"https:\/\/apiyaute.fr\/index.php\/wp-json\/wp\/v2\/comments?post=310"}],"wp:featuredmedia":[{"embeddable":true,"href":"https:\/\/apiyaute.fr\/index.php\/wp-json\/wp\/v2\/media\/1417"}],"wp:attachment":[{"href":"https:\/\/apiyaute.fr\/index.php\/wp-json\/wp\/v2\/media?parent=310"}],"wp:term":[{"taxonomy":"product_brand","embeddable":true,"href":"https:\/\/apiyaute.fr\/index.php\/wp-json\/wp\/v2\/product_brand?post=310"},{"taxonomy":"product_cat","embeddable":true,"href":"https:\/\/apiyaute.fr\/index.php\/wp-json\/wp\/v2\/product_cat?post=310"},{"taxonomy":"product_tag","embeddable":true,"href":"https:\/\/apiyaute.fr\/index.php\/wp-json\/wp\/v2\/product_tag?post=310"}],"curies":[{"name":"wp","href":"https:\/\/api.w.org\/{rel}","templated":true}]}}