{"id":347,"date":"2023-11-02T15:51:39","date_gmt":"2023-11-02T14:51:39","guid":{"rendered":"https:\/\/apiyaute.fr\/?post_type=product&#038;p=347"},"modified":"2025-08-21T16:27:10","modified_gmt":"2025-08-21T14:27:10","slug":"miel-et-pollen-125-g","status":"publish","type":"product","link":"https:\/\/apiyaute.fr\/index.php\/produit\/miel-et-pollen-125-g\/","title":{"rendered":"Miel et pollen (10%) &#8211; 125 g"},"content":{"rendered":"<p>Enrichi avec <strong>10 % de pollen<\/strong> frais d&rsquo;\u00e9t\u00e9, toute la <em>biodiversit\u00e9<\/em> de la montagne d&rsquo;\u00e9t\u00e9 vient sublimer la puissance de ce <em>miel typ\u00e9 \u00ab\u00a0haute montagne\u00a0\u00bb.<\/em><\/p>\n<p>Tout l&rsquo;\u00e9t\u00e9 les abeilles ont r\u00e9colt\u00e9 et ramen\u00e9 du pollen \u00e0 la ruche. Il provient des multiples fleurs de montagne aux alentours du rucher o\u00f9 il a \u00e9t\u00e9 r\u00e9cup\u00e9r\u00e9 (en veillant \u00e0 leur en laisser suffisamment pour combler leur propres besoins) et conserv\u00e9 au frais.<\/p>\n<p>Les pollens sont des petites boules de couleurs diff\u00e9rentes en fonction de l&rsquo;origine florale. C&rsquo;est pourquoi, trouver des petits grains de couleur dans ce miel est tout \u00e0 fait normal. Alors que certains se dissolvent compl\u00e8tement dans le miel, d&rsquo;autres moins facilement. Une petite boule noire dans votre pot ? pas de panique, c&rsquo;est probablement du pollen de coquelicot !<\/p>\n<p><em><strong>Mais pourquoi en consommer ?<\/strong><\/em><\/p>\n<p>Si c&rsquo;est bon pour les abeilles, pourquoi pas pour nous ! Consid\u00e9r\u00e9 comme un <strong>fortifiant naturel<\/strong>. Il renferme de nombreux <strong>micronutriments<\/strong> n\u00e9cessaires \u00e0 l\u2019organisme. R<strong>iche en prot\u00e9ines v\u00e9g\u00e9tales, acides amin\u00e9s essentiels, vitamines E et vitamines du groupe B, fibres, carot\u00e9no\u00efdes et polyph\u00e9nols et en lactoferments<\/strong>. Cependant, chaque pollen a une composition diff\u00e9rente en fonction de son origine florale.<\/p>\n<p>Les bienfaits du miel et du pollen agissent en synergie dans notre organisme.<\/p>\n<p>Pour en savoir plus, suivez ce lien : <a href=\"https:\/\/apiyaute.fr\/index.php\/les-bienfaits-du-pollen\/\">Le pollen et ses bienfaits<\/a><\/p>\n<p>D\u00e9conseill\u00e9 aux personnes allergiques aux pollens et produits de la ruche.<\/p>\n<p>100% haute montagne fran\u00e7aise ! Tout est produit et conditionn\u00e9 chez Apiyaute en Haute-Savoie.<\/p>\n<p>Conditionn\u00e9 en pot de 125 grammes.<\/p>\n<p>&nbsp;<\/p>\n","protected":false},"excerpt":{"rendered":"<p>Toute la puissance du <strong>miel de haute montagne enrichi avec 10 % de pollen d&rsquo;\u00e9t\u00e9<\/strong>.<\/p>\n<p>D\u00e9conseill\u00e9 aux personnes allergiques au pollen et produits de la ruche.<\/p>\n<p>100% haute montagne fran\u00e7aise ! Tout est produit et conditionn\u00e9 chez Apiyaute en Haute-Savoie.<\/p>\n<p>Conditionn\u00e9 en pot de 125 grammes.<\/p>\n","protected":false},"featured_media":331,"comment_status":"open","ping_status":"closed","template":"","meta":{"ocean_post_layout":"","ocean_both_sidebars_style":"","ocean_both_sidebars_content_width":0,"ocean_both_sidebars_sidebars_width":0,"ocean_sidebar":"0","ocean_second_sidebar":"0","ocean_disable_margins":"enable","ocean_add_body_class":"","ocean_shortcode_before_top_bar":"","ocean_shortcode_after_top_bar":"","ocean_shortcode_before_header":"","ocean_shortcode_after_header":"","ocean_has_shortcode":"","ocean_shortcode_after_title":"","ocean_shortcode_before_footer_widgets":"","ocean_shortcode_after_footer_widgets":"","ocean_shortcode_before_footer_bottom":"","ocean_shortcode_after_footer_bottom":"","ocean_display_top_bar":"default","ocean_display_header":"default","ocean_header_style":"","ocean_center_header_left_menu":"0","ocean_custom_header_template":"0","ocean_custom_logo":0,"ocean_custom_retina_logo":0,"ocean_custom_logo_max_width":0,"ocean_custom_logo_tablet_max_width":0,"ocean_custom_logo_mobile_max_width":0,"ocean_custom_logo_max_height":0,"ocean_custom_logo_tablet_max_height":0,"ocean_custom_logo_mobile_max_height":0,"ocean_header_custom_menu":"0","ocean_menu_typo_font_family":"0","ocean_menu_typo_font_subset":"","ocean_menu_typo_font_size":0,"ocean_menu_typo_font_size_tablet":0,"ocean_menu_typo_font_size_mobile":0,"ocean_menu_typo_font_size_unit":"px","ocean_menu_typo_font_weight":"","ocean_menu_typo_font_weight_tablet":"","ocean_menu_typo_font_weight_mobile":"","ocean_menu_typo_transform":"","ocean_menu_typo_transform_tablet":"","ocean_menu_typo_transform_mobile":"","ocean_menu_typo_line_height":0,"ocean_menu_typo_line_height_tablet":0,"ocean_menu_typo_line_height_mobile":0,"ocean_menu_typo_line_height_unit":"","ocean_menu_typo_spacing":0,"ocean_menu_typo_spacing_tablet":0,"ocean_menu_typo_spacing_mobile":0,"ocean_menu_typo_spacing_unit":"","ocean_menu_link_color":"","ocean_menu_link_color_hover":"","ocean_menu_link_color_active":"","ocean_menu_link_background":"","ocean_menu_link_hover_background":"","ocean_menu_link_active_background":"","ocean_menu_social_links_bg":"","ocean_menu_social_hover_links_bg":"","ocean_menu_social_links_color":"","ocean_menu_social_hover_links_color":"","ocean_disable_title":"default","ocean_disable_heading":"default","ocean_post_title":"","ocean_post_subheading":"","ocean_post_title_style":"","ocean_post_title_background_color":"","ocean_post_title_background":0,"ocean_post_title_bg_image_position":"","ocean_post_title_bg_image_attachment":"","ocean_post_title_bg_image_repeat":"","ocean_post_title_bg_image_size":"","ocean_post_title_height":0,"ocean_post_title_bg_overlay":0.5,"ocean_post_title_bg_overlay_color":"","ocean_disable_breadcrumbs":"default","ocean_breadcrumbs_color":"","ocean_breadcrumbs_separator_color":"","ocean_breadcrumbs_links_color":"","ocean_breadcrumbs_links_hover_color":"","ocean_display_footer_widgets":"default","ocean_display_footer_bottom":"default","ocean_custom_footer_template":"0","jetpack_post_was_ever_published":false},"product_brand":[],"product_cat":[21,23,24,22],"product_tag":[],"class_list":{"0":"post-347","1":"product","2":"type-product","3":"status-publish","4":"has-post-thumbnail","6":"product_cat-aliment-bien-etre","7":"product_cat-apiculture","8":"product_cat-apitherapie","9":"product_cat-sante","10":"product_shipping_class-non-frais","12":"entry","13":"has-media","15":"first","16":"instock","17":"taxable","18":"shipping-taxable","19":"purchasable","20":"product-type-simple","21":"has-product-nav","22":"col","23":"span_1_of_3","24":"owp-content-center","25":"owp-thumbs-layout-horizontal","26":"owp-btn-big","27":"owp-tabs-layout-horizontal"},"jetpack_sharing_enabled":true,"_links":{"self":[{"href":"https:\/\/apiyaute.fr\/index.php\/wp-json\/wp\/v2\/product\/347","targetHints":{"allow":["GET"]}}],"collection":[{"href":"https:\/\/apiyaute.fr\/index.php\/wp-json\/wp\/v2\/product"}],"about":[{"href":"https:\/\/apiyaute.fr\/index.php\/wp-json\/wp\/v2\/types\/product"}],"replies":[{"embeddable":true,"href":"https:\/\/apiyaute.fr\/index.php\/wp-json\/wp\/v2\/comments?post=347"}],"wp:featuredmedia":[{"embeddable":true,"href":"https:\/\/apiyaute.fr\/index.php\/wp-json\/wp\/v2\/media\/331"}],"wp:attachment":[{"href":"https:\/\/apiyaute.fr\/index.php\/wp-json\/wp\/v2\/media?parent=347"}],"wp:term":[{"taxonomy":"product_brand","embeddable":true,"href":"https:\/\/apiyaute.fr\/index.php\/wp-json\/wp\/v2\/product_brand?post=347"},{"taxonomy":"product_cat","embeddable":true,"href":"https:\/\/apiyaute.fr\/index.php\/wp-json\/wp\/v2\/product_cat?post=347"},{"taxonomy":"product_tag","embeddable":true,"href":"https:\/\/apiyaute.fr\/index.php\/wp-json\/wp\/v2\/product_tag?post=347"}],"curies":[{"name":"wp","href":"https:\/\/api.w.org\/{rel}","templated":true}]}}