{"id":348,"date":"2023-11-02T15:55:31","date_gmt":"2023-11-02T14:55:31","guid":{"rendered":"https:\/\/apiyaute.fr\/?post_type=product&#038;p=348"},"modified":"2025-12-23T19:48:04","modified_gmt":"2025-12-23T18:48:04","slug":"miel-riche-en-gelee-royale","status":"publish","type":"product","link":"https:\/\/apiyaute.fr\/index.php\/produit\/miel-riche-en-gelee-royale\/","title":{"rendered":"Miel riche en Gel\u00e9e Royale (6,25 g)"},"content":{"rendered":"<h3>Allier le go\u00fbt exceptionnel d&rsquo;un miel de montagne avec les bienfaits de la Gel\u00e9e Royale ? Votre souhait est exauc\u00e9 avec ce miel riche \u00e0 base de Miel et Gel\u00e9e Royale Fran\u00e7aise de haute montagne!<\/h3>\n<p>Avec ses <strong>6,25 g de Gel\u00e9e Royale<\/strong>, ce miel de montagne saura vous apporter la saveur d&rsquo;un miel typ\u00e9 <strong>enrichi en compos\u00e9s de haute valeur pour votre organisme.<\/strong><\/p>\n<p>La quantit\u00e9 d&rsquo;une cure habituelle de gel\u00e9e royale est de 10 g. Avec ce miel riche en gel\u00e9e, vous pouvez r\u00e9galer vos papilles tout en b\u00e9n\u00e9ficiant des effets de la gel\u00e9e royale.<\/p>\n<p>Pour en savoir plus sur la gel\u00e9e royale et ses effets, suivez ce lien :\u00a0<a href=\"https:\/\/apiyaute.fr\/index.php\/quest-ce-que-la-gelee-royale\/\">Qu&rsquo;est-ce que la gel\u00e9e royale ? Quels sont ses bienfaits ?<\/a><\/p>\n<p>100% haute montagne fran\u00e7aise ! Tout est produit et conditionn\u00e9 chez Apiyaute en Haute-Savoie.<\/p>\n<p>Conditionn\u00e9 en <strong>pot de 125 grammes<\/strong>.<\/p>\n","protected":false},"excerpt":{"rendered":"<p>Avec ses <strong>6,25 g de Gel\u00e9e Royale<\/strong>, ce miel de haute montagne saura vous apporter la saveur d&rsquo;un miel typ\u00e9 <strong>enrichi en compos\u00e9s de haute valeur pour votre organisme.<\/strong><\/p>\n<p>100% haute montagne fran\u00e7aise ! Tout est produit et conditionn\u00e9 chez Apiyaute en Haute-Savoie.<\/p>\n","protected":false},"featured_media":266,"comment_status":"open","ping_status":"closed","template":"","meta":{"ocean_post_layout":"","ocean_both_sidebars_style":"","ocean_both_sidebars_content_width":0,"ocean_both_sidebars_sidebars_width":0,"ocean_sidebar":"0","ocean_second_sidebar":"0","ocean_disable_margins":"enable","ocean_add_body_class":"","ocean_shortcode_before_top_bar":"","ocean_shortcode_after_top_bar":"","ocean_shortcode_before_header":"","ocean_shortcode_after_header":"","ocean_has_shortcode":"","ocean_shortcode_after_title":"","ocean_shortcode_before_footer_widgets":"","ocean_shortcode_after_footer_widgets":"","ocean_shortcode_before_footer_bottom":"","ocean_shortcode_after_footer_bottom":"","ocean_display_top_bar":"default","ocean_display_header":"default","ocean_header_style":"","ocean_center_header_left_menu":"0","ocean_custom_header_template":"0","ocean_custom_logo":0,"ocean_custom_retina_logo":0,"ocean_custom_logo_max_width":0,"ocean_custom_logo_tablet_max_width":0,"ocean_custom_logo_mobile_max_width":0,"ocean_custom_logo_max_height":0,"ocean_custom_logo_tablet_max_height":0,"ocean_custom_logo_mobile_max_height":0,"ocean_header_custom_menu":"0","ocean_menu_typo_font_family":"0","ocean_menu_typo_font_subset":"","ocean_menu_typo_font_size":0,"ocean_menu_typo_font_size_tablet":0,"ocean_menu_typo_font_size_mobile":0,"ocean_menu_typo_font_size_unit":"px","ocean_menu_typo_font_weight":"","ocean_menu_typo_font_weight_tablet":"","ocean_menu_typo_font_weight_mobile":"","ocean_menu_typo_transform":"","ocean_menu_typo_transform_tablet":"","ocean_menu_typo_transform_mobile":"","ocean_menu_typo_line_height":0,"ocean_menu_typo_line_height_tablet":0,"ocean_menu_typo_line_height_mobile":0,"ocean_menu_typo_line_height_unit":"","ocean_menu_typo_spacing":0,"ocean_menu_typo_spacing_tablet":0,"ocean_menu_typo_spacing_mobile":0,"ocean_menu_typo_spacing_unit":"","ocean_menu_link_color":"","ocean_menu_link_color_hover":"","ocean_menu_link_color_active":"","ocean_menu_link_background":"","ocean_menu_link_hover_background":"","ocean_menu_link_active_background":"","ocean_menu_social_links_bg":"","ocean_menu_social_hover_links_bg":"","ocean_menu_social_links_color":"","ocean_menu_social_hover_links_color":"","ocean_disable_title":"default","ocean_disable_heading":"default","ocean_post_title":"","ocean_post_subheading":"","ocean_post_title_style":"","ocean_post_title_background_color":"","ocean_post_title_background":0,"ocean_post_title_bg_image_position":"","ocean_post_title_bg_image_attachment":"","ocean_post_title_bg_image_repeat":"","ocean_post_title_bg_image_size":"","ocean_post_title_height":0,"ocean_post_title_bg_overlay":0.5,"ocean_post_title_bg_overlay_color":"","ocean_disable_breadcrumbs":"default","ocean_breadcrumbs_color":"","ocean_breadcrumbs_separator_color":"","ocean_breadcrumbs_links_color":"","ocean_breadcrumbs_links_hover_color":"","ocean_display_footer_widgets":"default","ocean_display_footer_bottom":"default","ocean_custom_footer_template":"0","jetpack_post_was_ever_published":false},"product_brand":[],"product_cat":[21,23,24,22],"product_tag":[],"class_list":{"0":"post-348","1":"product","2":"type-product","3":"status-publish","4":"has-post-thumbnail","6":"product_cat-aliment-bien-etre","7":"product_cat-apiculture","8":"product_cat-apitherapie","9":"product_cat-sante","10":"product_shipping_class-non-frais","12":"entry","13":"has-media","15":"first","16":"outofstock","17":"taxable","18":"shipping-taxable","19":"purchasable","20":"product-type-simple","21":"has-product-nav","22":"col","23":"span_1_of_3","24":"owp-content-center","25":"owp-thumbs-layout-horizontal","26":"owp-btn-big","27":"owp-tabs-layout-horizontal"},"jetpack_sharing_enabled":true,"_links":{"self":[{"href":"https:\/\/apiyaute.fr\/index.php\/wp-json\/wp\/v2\/product\/348","targetHints":{"allow":["GET"]}}],"collection":[{"href":"https:\/\/apiyaute.fr\/index.php\/wp-json\/wp\/v2\/product"}],"about":[{"href":"https:\/\/apiyaute.fr\/index.php\/wp-json\/wp\/v2\/types\/product"}],"replies":[{"embeddable":true,"href":"https:\/\/apiyaute.fr\/index.php\/wp-json\/wp\/v2\/comments?post=348"}],"wp:featuredmedia":[{"embeddable":true,"href":"https:\/\/apiyaute.fr\/index.php\/wp-json\/wp\/v2\/media\/266"}],"wp:attachment":[{"href":"https:\/\/apiyaute.fr\/index.php\/wp-json\/wp\/v2\/media?parent=348"}],"wp:term":[{"taxonomy":"product_brand","embeddable":true,"href":"https:\/\/apiyaute.fr\/index.php\/wp-json\/wp\/v2\/product_brand?post=348"},{"taxonomy":"product_cat","embeddable":true,"href":"https:\/\/apiyaute.fr\/index.php\/wp-json\/wp\/v2\/product_cat?post=348"},{"taxonomy":"product_tag","embeddable":true,"href":"https:\/\/apiyaute.fr\/index.php\/wp-json\/wp\/v2\/product_tag?post=348"}],"curies":[{"name":"wp","href":"https:\/\/api.w.org\/{rel}","templated":true}]}}