{"id":375,"date":"2023-11-12T17:29:31","date_gmt":"2023-11-12T16:29:31","guid":{"rendered":"https:\/\/apiyaute.fr\/?post_type=product&#038;p=375"},"modified":"2025-12-23T19:46:23","modified_gmt":"2025-12-23T18:46:23","slug":"coffret-cadeau-en-bois","status":"publish","type":"product","link":"https:\/\/apiyaute.fr\/index.php\/produit\/coffret-cadeau-en-bois\/","title":{"rendered":"Coffret cadeau en bois &#8211; miels bien-\u00eatre"},"content":{"rendered":"<p><strong>Coffret cadeau en bois pour le bien-\u00eatre et pour le go\u00fbt ! 100% fran\u00e7ais !!<\/strong><\/p>\n<p>Compos\u00e9 de <strong>4 pots, <\/strong>ce coffret cadeau est id\u00e9al pour montrer \u00e0 vos proches que vous tenez \u00e0 leur sant\u00e9.<\/p>\n<ul>\n<li><a href=\"https:\/\/apiyaute.fr\/index.php\/produit\/miel-avec-5-de-gelee-royale-125-g\/\">Miel-<span style=\"color: #993300;\">Gel\u00e9e Royale<\/span> (2%)<\/a> : du miel enrichi \u00e0 la <span style=\"color: #993300;\">gel\u00e9e royale<\/span> <span style=\"color: #008000;\">pour renforcer <strong>l&rsquo;immunit\u00e9<\/strong>, <strong>r\u00e9\u00e9quilibrer<\/strong> le corps et l&rsquo;esprit (pot de 125 g)<\/span><\/li>\n<li><a href=\"https:\/\/apiyaute.fr\/index.php\/produit\/miel-propolis-125-g\/\">Miel \u00e0 la <span style=\"color: #ff0000;\">propolis<\/span> (2%)<\/a> : miel enrichi \u00e0 la <span style=\"color: #ff0000;\">propolis<\/span>, r\u00e9colt\u00e9e chez Apiyaute, pour <span style=\"color: #008000;\">lutter contre les probl\u00e8mes ORL et vous pr\u00e9server des maux de l&rsquo;hiver (pot de 125g)<\/span><\/li>\n<li><a href=\"https:\/\/apiyaute.fr\/index.php\/produit\/miel-avec-10-de-pollen-125-g\/\">Miel-<span style=\"color: #ff9900;\">Pollen <\/span>(10%)<\/a> : <span style=\"color: #008000;\">pour les apports prot\u00e9iques de la <strong>biodiversit\u00e9<\/strong> du pollen d&rsquo;\u00e9t\u00e9 de haute montagne (pot de 125g)<\/span><\/li>\n<li><strong><strong><a href=\"https:\/\/apiyaute.fr\/index.php\/produit\/miel-de-haute-montagne-100-francais-125-g\/\"><span style=\"color: #ffcc00;\">Miel&#8230;miel (100%)<\/span><\/a> : <span style=\"color: #008000;\">du pur miel toutes fleurs de montagne <\/span><\/strong><\/strong><span style=\"color: #008000;\">(pot de 125g).<\/span><\/li>\n<\/ul>\n<p>Ce miel rare, utilis\u00e9 dans toutes les pr\u00e9parations, est butin\u00e9 et r\u00e9colt\u00e9 par Apiyaute dans les montagnes de Haute-Savoie en France. Il n&rsquo;est pas disponible en grandes quantit\u00e9s. L&rsquo;apiculture de montagne, raisonn\u00e9e et respectueuse de la nature, loin des grandes cultures et leurs pesticides, garanti un miel d&rsquo;une haute qualit\u00e9.<\/p>\n<p><strong>Produits de la ruche 100% produits par Apiyaute en Haute-Savoie, France<\/strong><\/p>\n","protected":false},"excerpt":{"rendered":"<p><strong>Coffret cadeau en bois &#8211; go\u00fbt et bien-\u00eatre !<\/strong><\/p>\n<p>Le coffret est compos\u00e9 de\u00a0:<\/p>\n<ul>\n<li>Miel-<span style=\"color: #800000;\">Gel\u00e9e Royale<\/span> (2%) pot de 125 g<\/li>\n<li>Miel-<span style=\"color: #ff0000;\">Propolis<\/span> (2%) pot de 125 g<\/li>\n<li>Miel-<span style=\"color: #ff9900;\">Pollen<\/span> (10%) pot de 125 g<\/li>\n<li><span style=\"color: #ffcc00;\">Miel&#8230;miel toutes fleurs de montagne (100%) pot de 125g<\/span><\/li>\n<\/ul>\n<p>&nbsp;<\/p>\n","protected":false},"featured_media":1420,"comment_status":"closed","ping_status":"closed","template":"","meta":{"ocean_post_layout":"","ocean_both_sidebars_style":"","ocean_both_sidebars_content_width":0,"ocean_both_sidebars_sidebars_width":0,"ocean_sidebar":"0","ocean_second_sidebar":"0","ocean_disable_margins":"enable","ocean_add_body_class":"","ocean_shortcode_before_top_bar":"","ocean_shortcode_after_top_bar":"","ocean_shortcode_before_header":"","ocean_shortcode_after_header":"","ocean_has_shortcode":"","ocean_shortcode_after_title":"","ocean_shortcode_before_footer_widgets":"","ocean_shortcode_after_footer_widgets":"","ocean_shortcode_before_footer_bottom":"","ocean_shortcode_after_footer_bottom":"","ocean_display_top_bar":"default","ocean_display_header":"default","ocean_header_style":"","ocean_center_header_left_menu":"0","ocean_custom_header_template":"0","ocean_custom_logo":0,"ocean_custom_retina_logo":0,"ocean_custom_logo_max_width":0,"ocean_custom_logo_tablet_max_width":0,"ocean_custom_logo_mobile_max_width":0,"ocean_custom_logo_max_height":0,"ocean_custom_logo_tablet_max_height":0,"ocean_custom_logo_mobile_max_height":0,"ocean_header_custom_menu":"0","ocean_menu_typo_font_family":"0","ocean_menu_typo_font_subset":"","ocean_menu_typo_font_size":0,"ocean_menu_typo_font_size_tablet":0,"ocean_menu_typo_font_size_mobile":0,"ocean_menu_typo_font_size_unit":"px","ocean_menu_typo_font_weight":"","ocean_menu_typo_font_weight_tablet":"","ocean_menu_typo_font_weight_mobile":"","ocean_menu_typo_transform":"","ocean_menu_typo_transform_tablet":"","ocean_menu_typo_transform_mobile":"","ocean_menu_typo_line_height":0,"ocean_menu_typo_line_height_tablet":0,"ocean_menu_typo_line_height_mobile":0,"ocean_menu_typo_line_height_unit":"","ocean_menu_typo_spacing":0,"ocean_menu_typo_spacing_tablet":0,"ocean_menu_typo_spacing_mobile":0,"ocean_menu_typo_spacing_unit":"","ocean_menu_link_color":"","ocean_menu_link_color_hover":"","ocean_menu_link_color_active":"","ocean_menu_link_background":"","ocean_menu_link_hover_background":"","ocean_menu_link_active_background":"","ocean_menu_social_links_bg":"","ocean_menu_social_hover_links_bg":"","ocean_menu_social_links_color":"","ocean_menu_social_hover_links_color":"","ocean_disable_title":"default","ocean_disable_heading":"default","ocean_post_title":"","ocean_post_subheading":"","ocean_post_title_style":"","ocean_post_title_background_color":"","ocean_post_title_background":0,"ocean_post_title_bg_image_position":"","ocean_post_title_bg_image_attachment":"","ocean_post_title_bg_image_repeat":"","ocean_post_title_bg_image_size":"","ocean_post_title_height":0,"ocean_post_title_bg_overlay":0.5,"ocean_post_title_bg_overlay_color":"","ocean_disable_breadcrumbs":"default","ocean_breadcrumbs_color":"","ocean_breadcrumbs_separator_color":"","ocean_breadcrumbs_links_color":"","ocean_breadcrumbs_links_hover_color":"","ocean_display_footer_widgets":"default","ocean_display_footer_bottom":"default","ocean_custom_footer_template":"0","jetpack_post_was_ever_published":false},"product_brand":[],"product_cat":[21,23,24,29,22],"product_tag":[],"class_list":{"0":"post-375","1":"product","2":"type-product","3":"status-publish","4":"has-post-thumbnail","6":"product_cat-aliment-bien-etre","7":"product_cat-apiculture","8":"product_cat-apitherapie","9":"product_cat-miel-de-montagne-100","10":"product_cat-sante","11":"product_shipping_class-non-frais","13":"entry","14":"has-media","16":"first","17":"instock","18":"taxable","19":"shipping-taxable","20":"purchasable","21":"product-type-simple","22":"has-product-nav","23":"col","24":"span_1_of_3","25":"owp-content-center","26":"owp-thumbs-layout-horizontal","27":"owp-btn-big","28":"owp-tabs-layout-horizontal"},"jetpack_sharing_enabled":true,"_links":{"self":[{"href":"https:\/\/apiyaute.fr\/index.php\/wp-json\/wp\/v2\/product\/375","targetHints":{"allow":["GET"]}}],"collection":[{"href":"https:\/\/apiyaute.fr\/index.php\/wp-json\/wp\/v2\/product"}],"about":[{"href":"https:\/\/apiyaute.fr\/index.php\/wp-json\/wp\/v2\/types\/product"}],"replies":[{"embeddable":true,"href":"https:\/\/apiyaute.fr\/index.php\/wp-json\/wp\/v2\/comments?post=375"}],"wp:featuredmedia":[{"embeddable":true,"href":"https:\/\/apiyaute.fr\/index.php\/wp-json\/wp\/v2\/media\/1420"}],"wp:attachment":[{"href":"https:\/\/apiyaute.fr\/index.php\/wp-json\/wp\/v2\/media?parent=375"}],"wp:term":[{"taxonomy":"product_brand","embeddable":true,"href":"https:\/\/apiyaute.fr\/index.php\/wp-json\/wp\/v2\/product_brand?post=375"},{"taxonomy":"product_cat","embeddable":true,"href":"https:\/\/apiyaute.fr\/index.php\/wp-json\/wp\/v2\/product_cat?post=375"},{"taxonomy":"product_tag","embeddable":true,"href":"https:\/\/apiyaute.fr\/index.php\/wp-json\/wp\/v2\/product_tag?post=375"}],"curies":[{"name":"wp","href":"https:\/\/api.w.org\/{rel}","templated":true}]}}