{"id":390,"date":"2023-11-12T17:25:04","date_gmt":"2023-11-12T16:25:04","guid":{"rendered":"https:\/\/apiyaute.fr\/?post_type=product&#038;p=390"},"modified":"2025-12-23T19:47:30","modified_gmt":"2025-12-23T18:47:30","slug":"promo-speciale-fetes-pack-cadeau","status":"publish","type":"product","link":"https:\/\/apiyaute.fr\/index.php\/produit\/promo-speciale-fetes-pack-cadeau\/","title":{"rendered":"PROMO sp\u00e9ciale hiver en forme (Gel\u00e9e Royale &#8211; Pollen &#8211; Miel)"},"content":{"rendered":"<p><strong>Pack cadeau Gel\u00e9e Royale &#8211; Pollen &#8211; Miel<\/strong><\/p>\n<p><strong><span style=\"color: #800000;\"><em>Pour un hiver en pleine forme ! Prenez soin de la sant\u00e9 de ceux que vous aimez avec ce pack cadeau !<\/em><\/span><\/strong><\/p>\n<p>La\u00a0<span style=\"color: #008000;\"><strong>Gel\u00e9e Royale (10 g)<\/strong> <strong>fran\u00e7aise<\/strong>, produite par Apiyaute en Haute-Savoie dans un milieu unique et pr\u00e9serv\u00e9, <\/span>dans son <strong>luxueux \u00e9crin en li\u00e8ge<\/strong>, isotherme et <strong>r\u00e9utilisable<\/strong>, pour booster l&rsquo; <strong>immunit\u00e9<\/strong> et <strong>l&rsquo;\u00e9quilibre<\/strong>. A prendre en cure \u00e0 l&rsquo;aide de la <strong>cuill\u00e8re doseuse fournie<\/strong>.<\/p>\n<p>Le<strong><span style=\"color: #008000;\"> <a style=\"color: #008000;\" href=\"https:\/\/apiyaute.fr\/index.php\/produit\/miel-de-haute-montagne-100-francais-125-g\/\">Miel de montagne -100% Fran\u00e7ais 125 g <\/a><\/span><\/strong><span style=\"color: #008000;\"><strong>produit et r\u00e9colt\u00e9 en montagne par Apiyaute<\/strong><\/span>, <strong>miel toutes fleurs de Haute-Savoie en France<\/strong>.\u00a0Ce miel rare, produit et r\u00e9colt\u00e9 par Apiyaute dans les montagnes de Haute-Savoie en France, n&rsquo;est pas disponible en grandes quantit\u00e9s.\u00a0L&rsquo;apiculture de montagne, raisonn\u00e9e et respectueuse de la nature, loin des grandes cultures et leurs pesticides, garanti un miel d&rsquo;une haute qualit\u00e9.<\/p>\n<p>Le<span style=\"color: #008000;\"> <a style=\"color: #008000;\" href=\"https:\/\/apiyaute.fr\/index.php\/produit\/pollen-de-montagne\/\"><strong>Pollen de montagne<\/strong> <\/a><\/span><strong>r\u00e9colt\u00e9 par les abeilles de Apiyaute ! (50g) <\/strong>Pourquoi du pollen ? cliquez <a href=\"https:\/\/apiyaute.fr\/index.php\/les-bienfaits-du-pollen\/\">ici<\/a><\/p>\n","protected":false},"excerpt":{"rendered":"<p><strong>Pack cadeau Hiver en forme ! Gel\u00e9e Royale &#8211; Pollen &#8211; Miel<\/strong><\/p>\n<p>La <span style=\"color: #008000;\"><strong>Gel\u00e9e Royale (10 g)<\/strong><\/span> dans son luxueux \u00e9crin en li\u00e8ge, isotherme et r\u00e9utilisable avec la cuill\u00e8re doseuse fournie.<\/p>\n<p>Le <strong><span style=\"color: #008000;\">Pollen<\/span> <\/strong>r\u00e9colt\u00e9 par les abeilles dans la montagne ! (50 g)<\/p>\n<p>Le <span style=\"color: #008000;\"><strong>miel 100% produit et r\u00e9colt\u00e9 en montagne par Apiyaute (125 g)<\/strong><\/span><\/p>\n<p>&nbsp;<\/p>\n","protected":false},"featured_media":1013,"comment_status":"closed","ping_status":"closed","template":"","meta":{"ocean_post_layout":"","ocean_both_sidebars_style":"","ocean_both_sidebars_content_width":0,"ocean_both_sidebars_sidebars_width":0,"ocean_sidebar":"0","ocean_second_sidebar":"0","ocean_disable_margins":"enable","ocean_add_body_class":"","ocean_shortcode_before_top_bar":"","ocean_shortcode_after_top_bar":"","ocean_shortcode_before_header":"","ocean_shortcode_after_header":"","ocean_has_shortcode":"","ocean_shortcode_after_title":"","ocean_shortcode_before_footer_widgets":"","ocean_shortcode_after_footer_widgets":"","ocean_shortcode_before_footer_bottom":"","ocean_shortcode_after_footer_bottom":"","ocean_display_top_bar":"default","ocean_display_header":"default","ocean_header_style":"","ocean_center_header_left_menu":"0","ocean_custom_header_template":"0","ocean_custom_logo":0,"ocean_custom_retina_logo":0,"ocean_custom_logo_max_width":0,"ocean_custom_logo_tablet_max_width":0,"ocean_custom_logo_mobile_max_width":0,"ocean_custom_logo_max_height":0,"ocean_custom_logo_tablet_max_height":0,"ocean_custom_logo_mobile_max_height":0,"ocean_header_custom_menu":"0","ocean_menu_typo_font_family":"0","ocean_menu_typo_font_subset":"","ocean_menu_typo_font_size":0,"ocean_menu_typo_font_size_tablet":0,"ocean_menu_typo_font_size_mobile":0,"ocean_menu_typo_font_size_unit":"px","ocean_menu_typo_font_weight":"","ocean_menu_typo_font_weight_tablet":"","ocean_menu_typo_font_weight_mobile":"","ocean_menu_typo_transform":"","ocean_menu_typo_transform_tablet":"","ocean_menu_typo_transform_mobile":"","ocean_menu_typo_line_height":0,"ocean_menu_typo_line_height_tablet":0,"ocean_menu_typo_line_height_mobile":0,"ocean_menu_typo_line_height_unit":"","ocean_menu_typo_spacing":0,"ocean_menu_typo_spacing_tablet":0,"ocean_menu_typo_spacing_mobile":0,"ocean_menu_typo_spacing_unit":"","ocean_menu_link_color":"","ocean_menu_link_color_hover":"","ocean_menu_link_color_active":"","ocean_menu_link_background":"","ocean_menu_link_hover_background":"","ocean_menu_link_active_background":"","ocean_menu_social_links_bg":"","ocean_menu_social_hover_links_bg":"","ocean_menu_social_links_color":"","ocean_menu_social_hover_links_color":"","ocean_disable_title":"default","ocean_disable_heading":"default","ocean_post_title":"","ocean_post_subheading":"","ocean_post_title_style":"","ocean_post_title_background_color":"","ocean_post_title_background":0,"ocean_post_title_bg_image_position":"","ocean_post_title_bg_image_attachment":"","ocean_post_title_bg_image_repeat":"","ocean_post_title_bg_image_size":"","ocean_post_title_height":0,"ocean_post_title_bg_overlay":0.5,"ocean_post_title_bg_overlay_color":"","ocean_disable_breadcrumbs":"default","ocean_breadcrumbs_color":"","ocean_breadcrumbs_separator_color":"","ocean_breadcrumbs_links_color":"","ocean_breadcrumbs_links_hover_color":"","ocean_display_footer_widgets":"default","ocean_display_footer_bottom":"default","ocean_custom_footer_template":"0","jetpack_post_was_ever_published":false},"product_brand":[],"product_cat":[21,23,24,22],"product_tag":[],"class_list":{"0":"post-390","1":"product","2":"type-product","3":"status-publish","4":"has-post-thumbnail","6":"product_cat-aliment-bien-etre","7":"product_cat-apiculture","8":"product_cat-apitherapie","9":"product_cat-sante","10":"product_shipping_class-non-frais","12":"entry","13":"has-media","15":"first","16":"outofstock","17":"taxable","18":"shipping-taxable","19":"purchasable","20":"product-type-simple","21":"has-product-nav","22":"col","23":"span_1_of_3","24":"owp-content-center","25":"owp-thumbs-layout-horizontal","26":"owp-btn-big","27":"owp-tabs-layout-horizontal"},"jetpack_sharing_enabled":true,"_links":{"self":[{"href":"https:\/\/apiyaute.fr\/index.php\/wp-json\/wp\/v2\/product\/390","targetHints":{"allow":["GET"]}}],"collection":[{"href":"https:\/\/apiyaute.fr\/index.php\/wp-json\/wp\/v2\/product"}],"about":[{"href":"https:\/\/apiyaute.fr\/index.php\/wp-json\/wp\/v2\/types\/product"}],"replies":[{"embeddable":true,"href":"https:\/\/apiyaute.fr\/index.php\/wp-json\/wp\/v2\/comments?post=390"}],"wp:featuredmedia":[{"embeddable":true,"href":"https:\/\/apiyaute.fr\/index.php\/wp-json\/wp\/v2\/media\/1013"}],"wp:attachment":[{"href":"https:\/\/apiyaute.fr\/index.php\/wp-json\/wp\/v2\/media?parent=390"}],"wp:term":[{"taxonomy":"product_brand","embeddable":true,"href":"https:\/\/apiyaute.fr\/index.php\/wp-json\/wp\/v2\/product_brand?post=390"},{"taxonomy":"product_cat","embeddable":true,"href":"https:\/\/apiyaute.fr\/index.php\/wp-json\/wp\/v2\/product_cat?post=390"},{"taxonomy":"product_tag","embeddable":true,"href":"https:\/\/apiyaute.fr\/index.php\/wp-json\/wp\/v2\/product_tag?post=390"}],"curies":[{"name":"wp","href":"https:\/\/api.w.org\/{rel}","templated":true}]}}