{"id":449,"date":"2024-01-13T15:28:22","date_gmt":"2024-01-13T14:28:22","guid":{"rendered":"https:\/\/apiyaute.fr\/?post_type=product&#038;p=449"},"modified":"2026-03-17T23:09:35","modified_gmt":"2026-03-17T22:09:35","slug":"pollen-de-montagne","status":"publish","type":"product","link":"https:\/\/apiyaute.fr\/index.php\/produit\/pollen-de-montagne\/","title":{"rendered":"Pollen de montagne"},"content":{"rendered":"<h2><strong>Pollen de Montagne de Haute-Savoie !<\/strong><\/h2>\n<p><strong><img data-recalc-dims=\"1\" loading=\"lazy\" decoding=\"async\" class=\"size-medium wp-image-861 alignleft\" src=\"https:\/\/i0.wp.com\/apiyaute.fr\/wp-content\/uploads\/2024\/01\/Pollen-de-montagne-Haute-Savoie.png?resize=300%2C251\" alt=\"Pollen de montagne r\u00e9colt\u00e9 en Haute Savoie\" width=\"300\" height=\"251\" srcset=\"https:\/\/i0.wp.com\/apiyaute.fr\/wp-content\/uploads\/2024\/01\/Pollen-de-montagne-Haute-Savoie.png?resize=300%2C251&amp;ssl=1 300w, https:\/\/i0.wp.com\/apiyaute.fr\/wp-content\/uploads\/2024\/01\/Pollen-de-montagne-Haute-Savoie.png?resize=1024%2C858&amp;ssl=1 1024w, https:\/\/i0.wp.com\/apiyaute.fr\/wp-content\/uploads\/2024\/01\/Pollen-de-montagne-Haute-Savoie.png?resize=768%2C644&amp;ssl=1 768w, https:\/\/i0.wp.com\/apiyaute.fr\/wp-content\/uploads\/2024\/01\/Pollen-de-montagne-Haute-Savoie.png?resize=600%2C503&amp;ssl=1 600w, https:\/\/i0.wp.com\/apiyaute.fr\/wp-content\/uploads\/2024\/01\/Pollen-de-montagne-Haute-Savoie.png?w=1080&amp;ssl=1 1080w\" sizes=\"auto, (max-width: 300px) 100vw, 300px\" \/><\/strong><\/p>\n<p><strong>Toute la biodiversit\u00e9 de la montagne r\u00e9colt\u00e9e par les abeilles<\/strong>, loin des grandes cultures et leur traitements phytosanitaires.<\/p>\n<p>Faites confiance \u00e0 la nature, les abeilles ont s\u00e9lectionn\u00e9 ces grains de pollen pour leur qualit\u00e9 nutritionnelle.<\/p>\n<p>A prendre en <strong>cure<\/strong>, seul ou avec d&rsquo;autres aliments (yahourt, salade etc.), son profil nutritionnel est compl\u00e9mentaire de celui de la gel\u00e9e royale.<\/p>\n<p>Il a \u00e9t\u00e9 d\u00e9barrass\u00e9 de son exc\u00e9dent d&rsquo;eau en s\u00e9choir \u00e0 basse temp\u00e9rature pour une <strong>conservation optimale de ses nutriments<\/strong> et une meilleure durabilit\u00e9.<\/p>\n<p>Pourquoi consommer du pollen de montagne ? Allez voir la page<strong> <a href=\"https:\/\/apiyaute.fr\/index.php\/les-bienfaits-du-pollen\/\">Le pollen et ses bienfaits\u00a0<\/a> !<\/strong><\/p>\n<p>Conditionn\u00e9 en sachet de 50 g.<\/p>\n","protected":false},"excerpt":{"rendered":"<p>Faites confiance \u00e0 la nature, les abeilles ont s\u00e9lectionn\u00e9 ces grains de pollen pour leur qualit\u00e9 nutritionnelle.<\/p>\n<p>La page\u00a0<a href=\"https:\/\/apiyaute.fr\/index.php\/les-bienfaits-du-pollen\/\">Le pollen et ses bienfaits<\/a> vous explique pourquoi le pollen c&rsquo;est bon pour vous !<\/p>\n<p>Il a \u00e9t\u00e9 d\u00e9barrass\u00e9 de son exc\u00e9dent d&rsquo;eau en s\u00e9choir \u00e0 basse temp\u00e9rature pour une <strong>conservation optimale de ses nutriments<\/strong> et une meilleure durabilit\u00e9.<\/p>\n<p>A prendre en <strong>cure<\/strong>, seul ou avec d&rsquo;autres aliments (yahourt, salade etc.), son profil nutritionnel est compl\u00e9mentaire de celui de la gel\u00e9e royale.<\/p>\n<p>&nbsp;<\/p>\n<p style=\"text-align: right;\">\n","protected":false},"featured_media":860,"comment_status":"closed","ping_status":"closed","template":"","meta":{"ocean_post_layout":"","ocean_both_sidebars_style":"","ocean_both_sidebars_content_width":0,"ocean_both_sidebars_sidebars_width":0,"ocean_sidebar":"0","ocean_second_sidebar":"0","ocean_disable_margins":"enable","ocean_add_body_class":"","ocean_shortcode_before_top_bar":"","ocean_shortcode_after_top_bar":"","ocean_shortcode_before_header":"","ocean_shortcode_after_header":"","ocean_has_shortcode":"","ocean_shortcode_after_title":"","ocean_shortcode_before_footer_widgets":"","ocean_shortcode_after_footer_widgets":"","ocean_shortcode_before_footer_bottom":"","ocean_shortcode_after_footer_bottom":"","ocean_display_top_bar":"default","ocean_display_header":"default","ocean_header_style":"","ocean_center_header_left_menu":"0","ocean_custom_header_template":"0","ocean_custom_logo":0,"ocean_custom_retina_logo":0,"ocean_custom_logo_max_width":0,"ocean_custom_logo_tablet_max_width":0,"ocean_custom_logo_mobile_max_width":0,"ocean_custom_logo_max_height":0,"ocean_custom_logo_tablet_max_height":0,"ocean_custom_logo_mobile_max_height":0,"ocean_header_custom_menu":"0","ocean_menu_typo_font_family":"0","ocean_menu_typo_font_subset":"","ocean_menu_typo_font_size":0,"ocean_menu_typo_font_size_tablet":0,"ocean_menu_typo_font_size_mobile":0,"ocean_menu_typo_font_size_unit":"px","ocean_menu_typo_font_weight":"","ocean_menu_typo_font_weight_tablet":"","ocean_menu_typo_font_weight_mobile":"","ocean_menu_typo_transform":"","ocean_menu_typo_transform_tablet":"","ocean_menu_typo_transform_mobile":"","ocean_menu_typo_line_height":0,"ocean_menu_typo_line_height_tablet":0,"ocean_menu_typo_line_height_mobile":0,"ocean_menu_typo_line_height_unit":"","ocean_menu_typo_spacing":0,"ocean_menu_typo_spacing_tablet":0,"ocean_menu_typo_spacing_mobile":0,"ocean_menu_typo_spacing_unit":"","ocean_menu_link_color":"","ocean_menu_link_color_hover":"","ocean_menu_link_color_active":"","ocean_menu_link_background":"","ocean_menu_link_hover_background":"","ocean_menu_link_active_background":"","ocean_menu_social_links_bg":"","ocean_menu_social_hover_links_bg":"","ocean_menu_social_links_color":"","ocean_menu_social_hover_links_color":"","ocean_disable_title":"default","ocean_disable_heading":"default","ocean_post_title":"","ocean_post_subheading":"","ocean_post_title_style":"","ocean_post_title_background_color":"","ocean_post_title_background":0,"ocean_post_title_bg_image_position":"","ocean_post_title_bg_image_attachment":"","ocean_post_title_bg_image_repeat":"","ocean_post_title_bg_image_size":"","ocean_post_title_height":0,"ocean_post_title_bg_overlay":0.5,"ocean_post_title_bg_overlay_color":"","ocean_disable_breadcrumbs":"default","ocean_breadcrumbs_color":"","ocean_breadcrumbs_separator_color":"","ocean_breadcrumbs_links_color":"","ocean_breadcrumbs_links_hover_color":"","ocean_display_footer_widgets":"default","ocean_display_footer_bottom":"default","ocean_custom_footer_template":"0","jetpack_post_was_ever_published":false},"product_brand":[],"product_cat":[21,23,24,22],"product_tag":[],"class_list":{"0":"post-449","1":"product","2":"type-product","3":"status-publish","4":"has-post-thumbnail","6":"product_cat-aliment-bien-etre","7":"product_cat-apiculture","8":"product_cat-apitherapie","9":"product_cat-sante","10":"product_shipping_class-non-frais","12":"entry","13":"has-media","15":"first","16":"instock","17":"taxable","18":"shipping-taxable","19":"purchasable","20":"product-type-simple","21":"has-product-nav","22":"col","23":"span_1_of_3","24":"owp-content-center","25":"owp-thumbs-layout-horizontal","26":"owp-btn-big","27":"owp-tabs-layout-horizontal"},"jetpack_sharing_enabled":true,"_links":{"self":[{"href":"https:\/\/apiyaute.fr\/index.php\/wp-json\/wp\/v2\/product\/449","targetHints":{"allow":["GET"]}}],"collection":[{"href":"https:\/\/apiyaute.fr\/index.php\/wp-json\/wp\/v2\/product"}],"about":[{"href":"https:\/\/apiyaute.fr\/index.php\/wp-json\/wp\/v2\/types\/product"}],"replies":[{"embeddable":true,"href":"https:\/\/apiyaute.fr\/index.php\/wp-json\/wp\/v2\/comments?post=449"}],"wp:featuredmedia":[{"embeddable":true,"href":"https:\/\/apiyaute.fr\/index.php\/wp-json\/wp\/v2\/media\/860"}],"wp:attachment":[{"href":"https:\/\/apiyaute.fr\/index.php\/wp-json\/wp\/v2\/media?parent=449"}],"wp:term":[{"taxonomy":"product_brand","embeddable":true,"href":"https:\/\/apiyaute.fr\/index.php\/wp-json\/wp\/v2\/product_brand?post=449"},{"taxonomy":"product_cat","embeddable":true,"href":"https:\/\/apiyaute.fr\/index.php\/wp-json\/wp\/v2\/product_cat?post=449"},{"taxonomy":"product_tag","embeddable":true,"href":"https:\/\/apiyaute.fr\/index.php\/wp-json\/wp\/v2\/product_tag?post=449"}],"curies":[{"name":"wp","href":"https:\/\/api.w.org\/{rel}","templated":true}]}}